{"id":261,"date":"2010-12-02T12:13:42","date_gmt":"2010-12-02T12:13:42","guid":{"rendered":"http:\/\/spletin.net\/seminar"},"modified":"2010-12-11T19:17:45","modified_gmt":"2010-12-11T18:17:45","slug":"potrditev-paypal","status":"publish","type":"page","link":"http:\/\/spletin.net\/seminar\/potrditev-paypal\/","title":{"rendered":"Potrditev vpla\u010dila kotizacije PayPal"},"content":{"rendered":"<p>Spo\u0161tovani,<\/p>\n<p>hvala za vpla\u010dilo kotizacije za seminar Video marketing 2011. Pri vnosu ste morali vnesti tudi naslov &#8211; \u010de ste va\u0161e ime (in ime podjetja za prijavo kot podjetje) in naslov vnesli pravilno, vam bomo poslali ra\u010dun na va\u0161 naslov. Sicer vas bomo kontaktirali za popravek podatka.<\/p>\n<p><strong>Hvala za va\u0161o pametno odlo\u010ditev <\/strong>&#8211; video marketing \u017ee odlo\u010da, kdo ima ve\u010d podjetni\u0161kega uspeha. Ker ste poravnali znesek kotizacije prek PayPala, niste vnesli va\u0161ega vpra\u0161anja za okroglo mizo. Predlagam, da ga vnesete kar spodaj (ne bo viden drugim udele\u017eencem) in ga bomo upo\u0161tevali pri pripravi in izvedbi seminarja.<\/p>\n<p>Pri\u010dakujem vas v torek, 15. decembra ob 9:45 uri v Tehnopolisu v Celju. Ne potrebujete prenosnikov itd. &#8211; potrudil se bom, da dobite prezentacije vseh treh predavateljev na va\u0161 e-naslov (ki ste ga vnesli). In seveda darilo vam bo zelo prav pri\u0161lo pri va\u0161em video marketingu. Ve\u010d pa na seminarju!<\/p>\n<p>Sergej Rinc<br \/>\nspletin.net<\/p>\n","protected":false},"excerpt":{"rendered":"<p>Spo\u0161tovani, hvala za vpla\u010dilo kotizacije za seminar Video marketing 2011. Pri vnosu ste morali vnesti tudi naslov &#8211; \u010de ste va\u0161e ime (in ime podjetja za prijavo kot podjetje) in naslov vnesli pravilno, vam bomo poslali ra\u010dun na va\u0161 naslov. Sicer vas bomo kontaktirali za popravek podatka. Hvala za va\u0161o pametno odlo\u010ditev &#8211; video marketing [&hellip;]<\/p>\n","protected":false},"author":1,"featured_media":0,"parent":0,"menu_order":0,"comment_status":"open","ping_status":"closed","template":"page-prelaunch-sidebar.php","meta":{"site-sidebar-layout":"default","site-content-layout":"","ast-site-content-layout":"default","site-content-style":"default","site-sidebar-style":"default","ast-global-header-display":"","ast-banner-title-visibility":"","ast-main-header-display":"","ast-hfb-above-header-display":"","ast-hfb-below-header-display":"","ast-hfb-mobile-header-display":"","site-post-title":"","ast-breadcrumbs-content":"","ast-featured-img":"","footer-sml-layout":"","ast-disable-related-posts":"","theme-transparent-header-meta":"","adv-header-id-meta":"","stick-header-meta":"","header-above-stick-meta":"","header-main-stick-meta":"","header-below-stick-meta":"","astra-migrate-meta-layouts":"default","ast-page-background-enabled":"default","ast-page-background-meta":{"desktop":{"background-color":"var(--ast-global-color-4)","background-image":"","background-repeat":"repeat","background-position":"center center","background-size":"auto","background-attachment":"scroll","background-type":"","background-media":"","overlay-type":"","overlay-color":"","overlay-opacity":"","overlay-gradient":""},"tablet":{"background-color":"","background-image":"","background-repeat":"repeat","background-position":"center center","background-size":"auto","background-attachment":"scroll","background-type":"","background-media":"","overlay-type":"","overlay-color":"","overlay-opacity":"","overlay-gradient":""},"mobile":{"background-color":"","background-image":"","background-repeat":"repeat","background-position":"center center","background-size":"auto","background-attachment":"scroll","background-type":"","background-media":"","overlay-type":"","overlay-color":"","overlay-opacity":"","overlay-gradient":""}},"ast-content-background-meta":{"desktop":{"background-color":"var(--ast-global-color-5)","background-image":"","background-repeat":"repeat","background-position":"center center","background-size":"auto","background-attachment":"scroll","background-type":"","background-media":"","overlay-type":"","overlay-color":"","overlay-opacity":"","overlay-gradient":""},"tablet":{"background-color":"var(--ast-global-color-5)","background-image":"","background-repeat":"repeat","background-position":"center center","background-size":"auto","background-attachment":"scroll","background-type":"","background-media":"","overlay-type":"","overlay-color":"","overlay-opacity":"","overlay-gradient":""},"mobile":{"background-color":"var(--ast-global-color-5)","background-image":"","background-repeat":"repeat","background-position":"center center","background-size":"auto","background-attachment":"scroll","background-type":"","background-media":"","overlay-type":"","overlay-color":"","overlay-opacity":"","overlay-gradient":""}},"footnotes":""},"class_list":["post-261","page","type-page","status-publish","hentry"],"yoast_head":"<!-- This site is optimized with the Yoast SEO plugin v27.5 - https:\/\/yoast.com\/product\/yoast-seo-wordpress\/ -->\n<title>Potrditev vpla\u010dila kotizacije PayPal | Seminar Video Marketing 2011<\/title>\n<meta name=\"robots\" content=\"index, follow, max-snippet:-1, max-image-preview:large, max-video-preview:-1\" \/>\n<link rel=\"canonical\" href=\"http:\/\/spletin.net\/seminar\/potrditev-paypal\/\" \/>\n<meta name=\"twitter:label1\" content=\"Est. reading time\" \/>\n\t<meta name=\"twitter:data1\" content=\"1 minuta\" \/>\n<script type=\"application\/ld+json\" class=\"yoast-schema-graph\">{\"@context\":\"https:\\\/\\\/schema.org\",\"@graph\":[{\"@type\":\"WebPage\",\"@id\":\"http:\\\/\\\/spletin.net\\\/seminar\\\/potrditev-paypal\\\/\",\"url\":\"http:\\\/\\\/spletin.net\\\/seminar\\\/potrditev-paypal\\\/\",\"name\":\"Potrditev vpla\u010dila kotizacije PayPal | Seminar Video Marketing 2011\",\"isPartOf\":{\"@id\":\"http:\\\/\\\/spletin.net\\\/seminar\\\/#website\"},\"datePublished\":\"2010-12-02T12:13:42+00:00\",\"dateModified\":\"2010-12-11T18:17:45+00:00\",\"breadcrumb\":{\"@id\":\"http:\\\/\\\/spletin.net\\\/seminar\\\/potrditev-paypal\\\/#breadcrumb\"},\"inLanguage\":\"sl-SI\",\"potentialAction\":[{\"@type\":\"ReadAction\",\"target\":[\"http:\\\/\\\/spletin.net\\\/seminar\\\/potrditev-paypal\\\/\"]}]},{\"@type\":\"BreadcrumbList\",\"@id\":\"http:\\\/\\\/spletin.net\\\/seminar\\\/potrditev-paypal\\\/#breadcrumb\",\"itemListElement\":[{\"@type\":\"ListItem\",\"position\":1,\"name\":\"Home\",\"item\":\"http:\\\/\\\/spletin.net\\\/seminar\\\/\"},{\"@type\":\"ListItem\",\"position\":2,\"name\":\"Potrditev vpla\u010dila kotizacije PayPal\"}]},{\"@type\":\"WebSite\",\"@id\":\"http:\\\/\\\/spletin.net\\\/seminar\\\/#website\",\"url\":\"http:\\\/\\\/spletin.net\\\/seminar\\\/\",\"name\":\"Seminar Video Marketing 2011\",\"description\":\"Video marketing 2011\",\"publisher\":{\"@id\":\"http:\\\/\\\/spletin.net\\\/seminar\\\/#organization\"},\"potentialAction\":[{\"@type\":\"SearchAction\",\"target\":{\"@type\":\"EntryPoint\",\"urlTemplate\":\"http:\\\/\\\/spletin.net\\\/seminar\\\/?s={search_term_string}\"},\"query-input\":{\"@type\":\"PropertyValueSpecification\",\"valueRequired\":true,\"valueName\":\"search_term_string\"}}],\"inLanguage\":\"sl-SI\"},{\"@type\":\"Organization\",\"@id\":\"http:\\\/\\\/spletin.net\\\/seminar\\\/#organization\",\"name\":\"spletin.net d.o.o.\",\"url\":\"http:\\\/\\\/spletin.net\\\/seminar\\\/\",\"logo\":{\"@type\":\"ImageObject\",\"inLanguage\":\"sl-SI\",\"@id\":\"http:\\\/\\\/spletin.net\\\/seminar\\\/#\\\/schema\\\/logo\\\/image\\\/\",\"url\":\"http:\\\/\\\/spletin.net\\\/seminar\\\/wp-content\\\/uploads\\\/logo-spletin-t.png\",\"contentUrl\":\"http:\\\/\\\/spletin.net\\\/seminar\\\/wp-content\\\/uploads\\\/logo-spletin-t.png\",\"width\":283,\"height\":54,\"caption\":\"spletin.net d.o.o.\"},\"image\":{\"@id\":\"http:\\\/\\\/spletin.net\\\/seminar\\\/#\\\/schema\\\/logo\\\/image\\\/\"}}]}<\/script>\n<!-- \/ Yoast SEO plugin. -->","yoast_head_json":{"title":"Potrditev vpla\u010dila kotizacije PayPal | Seminar Video Marketing 2011","robots":{"index":"index","follow":"follow","max-snippet":"max-snippet:-1","max-image-preview":"max-image-preview:large","max-video-preview":"max-video-preview:-1"},"canonical":"http:\/\/spletin.net\/seminar\/potrditev-paypal\/","twitter_misc":{"Est. reading time":"1 minuta"},"schema":{"@context":"https:\/\/schema.org","@graph":[{"@type":"WebPage","@id":"http:\/\/spletin.net\/seminar\/potrditev-paypal\/","url":"http:\/\/spletin.net\/seminar\/potrditev-paypal\/","name":"Potrditev vpla\u010dila kotizacije PayPal | Seminar Video Marketing 2011","isPartOf":{"@id":"http:\/\/spletin.net\/seminar\/#website"},"datePublished":"2010-12-02T12:13:42+00:00","dateModified":"2010-12-11T18:17:45+00:00","breadcrumb":{"@id":"http:\/\/spletin.net\/seminar\/potrditev-paypal\/#breadcrumb"},"inLanguage":"sl-SI","potentialAction":[{"@type":"ReadAction","target":["http:\/\/spletin.net\/seminar\/potrditev-paypal\/"]}]},{"@type":"BreadcrumbList","@id":"http:\/\/spletin.net\/seminar\/potrditev-paypal\/#breadcrumb","itemListElement":[{"@type":"ListItem","position":1,"name":"Home","item":"http:\/\/spletin.net\/seminar\/"},{"@type":"ListItem","position":2,"name":"Potrditev vpla\u010dila kotizacije PayPal"}]},{"@type":"WebSite","@id":"http:\/\/spletin.net\/seminar\/#website","url":"http:\/\/spletin.net\/seminar\/","name":"Seminar Video Marketing 2011","description":"Video marketing 2011","publisher":{"@id":"http:\/\/spletin.net\/seminar\/#organization"},"potentialAction":[{"@type":"SearchAction","target":{"@type":"EntryPoint","urlTemplate":"http:\/\/spletin.net\/seminar\/?s={search_term_string}"},"query-input":{"@type":"PropertyValueSpecification","valueRequired":true,"valueName":"search_term_string"}}],"inLanguage":"sl-SI"},{"@type":"Organization","@id":"http:\/\/spletin.net\/seminar\/#organization","name":"spletin.net d.o.o.","url":"http:\/\/spletin.net\/seminar\/","logo":{"@type":"ImageObject","inLanguage":"sl-SI","@id":"http:\/\/spletin.net\/seminar\/#\/schema\/logo\/image\/","url":"http:\/\/spletin.net\/seminar\/wp-content\/uploads\/logo-spletin-t.png","contentUrl":"http:\/\/spletin.net\/seminar\/wp-content\/uploads\/logo-spletin-t.png","width":283,"height":54,"caption":"spletin.net d.o.o."},"image":{"@id":"http:\/\/spletin.net\/seminar\/#\/schema\/logo\/image\/"}}]}},"_links":{"self":[{"href":"http:\/\/spletin.net\/seminar\/wp-json\/wp\/v2\/pages\/261","targetHints":{"allow":["GET"]}}],"collection":[{"href":"http:\/\/spletin.net\/seminar\/wp-json\/wp\/v2\/pages"}],"about":[{"href":"http:\/\/spletin.net\/seminar\/wp-json\/wp\/v2\/types\/page"}],"author":[{"embeddable":true,"href":"http:\/\/spletin.net\/seminar\/wp-json\/wp\/v2\/users\/1"}],"replies":[{"embeddable":true,"href":"http:\/\/spletin.net\/seminar\/wp-json\/wp\/v2\/comments?post=261"}],"version-history":[{"count":7,"href":"http:\/\/spletin.net\/seminar\/wp-json\/wp\/v2\/pages\/261\/revisions"}],"predecessor-version":[{"id":495,"href":"http:\/\/spletin.net\/seminar\/wp-json\/wp\/v2\/pages\/261\/revisions\/495"}],"wp:attachment":[{"href":"http:\/\/spletin.net\/seminar\/wp-json\/wp\/v2\/media?parent=261"}],"curies":[{"name":"wp","href":"https:\/\/api.w.org\/{rel}","templated":true}]}}