{"id":272,"date":"2010-12-02T14:12:26","date_gmt":"2010-12-02T14:12:26","guid":{"rendered":"http:\/\/spletin.net\/seminar"},"modified":"2010-12-06T09:42:55","modified_gmt":"2010-12-06T09:42:55","slug":"za-clane-foruma-internet-mojster","status":"publish","type":"page","link":"http:\/\/spletin.net\/seminar\/za-clane-foruma-internet-mojster\/","title":{"rendered":"Za \u010dlane foruma Internet mojster"},"content":{"rendered":"<p>Zdravo,<\/p>\n<p>tukaj imate mo\u017enost popusta za udele\u017ebo na Seminar Video marketing 2011 kot \u010dlan foruma Internet mojster. Popust v vi\u0161ini 17 \u20ac (skupni znesek je torej 130 \u20ac do vklju\u010dno sobote, 11.12.2010 do 23:59, nato pa 160 \u20ac do seminarja) se bo upo\u0161teval, \u010de bo v polju &#8220;Va\u0161e vpra\u0161anje za okroglo mizo&#8221; dodana beseda IMOJSTER &#8211; praviloma je \u017ee vne\u0161ena. Popust se izklju\u010duje s \u0161tudentskim popustom.<\/p>\n<p>Gumb za pla\u010dilo prek PayPala \u017ee ima upo\u0161tevan popust. Prosimo, da povezavo na to stran ne posredujete naprej.<\/p>\n<p>&nbsp;<\/p>\n<p><a name=\"prijavnica\"><\/a><\/p>\n<h2 style=\"color: #cc0000;\">Prijavnica za seminar Video marketing 2011<\/h2>\n<p>(ali <a href=\"#PayPal\">prek PayPala<\/a> spodaj)<br \/>\n\n<div class=\"wpcf7 no-js\" id=\"wpcf7-f1129-o1\" lang=\"en-US\" dir=\"ltr\" data-wpcf7-id=\"1129\">\n<div class=\"screen-reader-response\"><p role=\"status\" aria-live=\"polite\" aria-atomic=\"true\"><\/p> <ul><\/ul><\/div>\n<form action=\"\/seminar\/wp-json\/wp\/v2\/pages\/272#wpcf7-f1129-o1\" method=\"post\" class=\"wpcf7-form init\" aria-label=\"Contact form\" novalidate=\"novalidate\" data-status=\"init\">\n<fieldset class=\"hidden-fields-container\"><input type=\"hidden\" name=\"_wpcf7\" value=\"1129\" \/><input type=\"hidden\" name=\"_wpcf7_version\" value=\"6.1.5\" \/><input type=\"hidden\" name=\"_wpcf7_locale\" value=\"en_US\" \/><input type=\"hidden\" name=\"_wpcf7_unit_tag\" value=\"wpcf7-f1129-o1\" \/><input type=\"hidden\" name=\"_wpcf7_container_post\" value=\"0\" \/><input type=\"hidden\" name=\"_wpcf7_posted_data_hash\" value=\"\" \/>\n<\/fieldset>\n<p>Va\u0161e ime in priimek (obvezno)\n<\/p>\n<p><span class=\"wpcf7-form-control-wrap\" data-name=\"your-name\"><input size=\"40\" maxlength=\"400\" class=\"wpcf7-form-control wpcf7-text wpcf7-validates-as-required\" aria-required=\"true\" aria-invalid=\"false\" value=\"\" type=\"text\" name=\"your-name\" \/><\/span>\n<\/p>\n<p>Va\u0161 E-naslov (obvezno)\n<\/p>\n<p><span class=\"wpcf7-form-control-wrap\" data-name=\"your-email\"><input size=\"40\" maxlength=\"400\" class=\"wpcf7-form-control wpcf7-email wpcf7-validates-as-required wpcf7-text wpcf7-validates-as-email\" aria-required=\"true\" aria-invalid=\"false\" value=\"\" type=\"email\" name=\"your-email\" \/><\/span>\n<\/p>\n<p>Va\u0161 telefon (obvezno)\n<\/p>\n<p><span class=\"wpcf7-form-control-wrap\" data-name=\"your-phone\"><input size=\"40\" maxlength=\"400\" class=\"wpcf7-form-control wpcf7-text wpcf7-validates-as-required\" aria-required=\"true\" aria-invalid=\"false\" value=\"\" type=\"text\" name=\"your-phone\" \/><\/span>\n<\/p>\n<p>Podjetje\n<\/p>\n<p><span class=\"wpcf7-form-control-wrap\" data-name=\"your-company\"><input size=\"40\" maxlength=\"400\" class=\"wpcf7-form-control wpcf7-text\" aria-invalid=\"false\" value=\"\" type=\"text\" name=\"your-company\" \/><\/span>\n<\/p>\n<p>ID \u0161t. za DDV\n<\/p>\n<p><span class=\"wpcf7-form-control-wrap\" data-name=\"your-idddv\"><input size=\"15\" maxlength=\"400\" class=\"wpcf7-form-control wpcf7-text\" aria-invalid=\"false\" value=\"\" type=\"text\" name=\"your-idddv\" \/><\/span>\n<\/p>\n<p>Naslov (ulica, po\u0161t.\u0161t., kraj - obvezno)\n<\/p>\n<p><span class=\"wpcf7-form-control-wrap\" data-name=\"your-street\"><input size=\"40\" maxlength=\"400\" class=\"wpcf7-form-control wpcf7-text wpcf7-validates-as-required\" aria-required=\"true\" aria-invalid=\"false\" value=\"\" type=\"text\" name=\"your-street\" \/><\/span><span class=\"wpcf7-form-control-wrap\" data-name=\"your-zip\"><input size=\"7\" maxlength=\"400\" class=\"wpcf7-form-control wpcf7-text wpcf7-validates-as-required\" aria-required=\"true\" aria-invalid=\"false\" value=\"\" type=\"text\" name=\"your-zip\" \/><\/span><span class=\"wpcf7-form-control-wrap\" data-name=\"your-city\"><input size=\"25\" maxlength=\"400\" class=\"wpcf7-form-control wpcf7-text wpcf7-validates-as-required\" aria-required=\"true\" aria-invalid=\"false\" value=\"\" type=\"text\" name=\"your-city\" \/><\/span>\n<\/p>\n<p>Va\u0161e vpra\u0161anje za okroglo mizo\n<\/p>\n<p><span class=\"wpcf7-form-control-wrap\" data-name=\"your-message\"><textarea cols=\"40\" rows=\"10\" maxlength=\"7\" class=\"wpcf7-form-control wpcf7-textarea\" aria-invalid=\"false\" name=\"your-message\">IMOJSTER<\/textarea><\/span>\n<\/p>\n<p><input class=\"wpcf7-form-control wpcf7-submit has-spinner\" type=\"submit\" value=\"Prijavljam se na seminar\" \/>\n<\/p><p style=\"display: none !important;\" class=\"akismet-fields-container\" data-prefix=\"_wpcf7_ak_\"><label>&#916;<textarea name=\"_wpcf7_ak_hp_textarea\" cols=\"45\" rows=\"8\" maxlength=\"100\"><\/textarea><\/label><input type=\"hidden\" id=\"ak_js_1\" name=\"_wpcf7_ak_js\" value=\"221\"\/><script>\ndocument.getElementById( \"ak_js_1\" ).setAttribute( \"value\", ( new Date() ).getTime() );\n<\/script>\n<\/p><div class=\"wpcf7-response-output\" aria-hidden=\"true\"><\/div>\n<\/form>\n<\/div>\n<\/p>\n<p><a name=\"PayPal\"><\/a>Investicijo v seminar lahko poravnate tudi s kreditno kartico prek varne storitve PayPal:<\/p>\n<form action=\"https:\/\/www.paypal.com\/cgi-bin\/webscr\" method=\"post\">\n<input type=\"hidden\" name=\"cmd\" value=\"_s-xclick\"><br \/>\n<input type=\"hidden\" name=\"hosted_button_id\" value=\"3JRVJRUKN43MG\"><br \/>\n<input type=\"image\" src=\"http:\/\/www.prezentacija.si\/i\/dodaj-v-kos.png\" border=\"0\" name=\"submit\" alt=\"PayPal - The safer, easier way to pay online!\"><br \/>\n<img loading=\"lazy\" decoding=\"async\" alt=\"\" border=\"0\" src=\"https:\/\/www.paypal.com\/en_US\/i\/scr\/pixel.gif\" width=\"1\" height=\"1\"><br \/>\n<\/form>\n<p>&nbsp;<\/p>\n<p>Hvala, vidimo se v Celju!<br \/>\nSergej Rinc<br \/>\nspletin.net d.o.o., direktor<br \/>\n031 44 60 66<br \/>\n<a href=\"&#109;&#097;&#105;&#108;&#116;&#111;&#058;&#115;&#101;&#114;&#103;&#101;&#106;&#064;&#115;&#112;&#108;&#101;&#116;&#105;&#110;&#046;&#110;&#101;&#116;\" style=\"text-decoration: underline\">&#115;&#101;&#114;&#103;&#101;&#106;&#064;&#115;&#112;&#108;&#101;&#116;&#105;&#110;&#046;&#110;&#101;&#116;<\/a><\/p>\n<p>&nbsp;<\/p>\n<p>Seminar Video marketing 2011<\/p>\n","protected":false},"excerpt":{"rendered":"<p>Zdravo, tukaj imate mo\u017enost popusta za udele\u017ebo na Seminar Video marketing 2011 kot \u010dlan foruma Internet mojster. Popust v vi\u0161ini 17 \u20ac (skupni znesek je torej 130 \u20ac do vklju\u010dno sobote, 11.12.2010 do 23:59, nato pa 160 \u20ac do seminarja) se bo upo\u0161teval, \u010de bo v polju &#8220;Va\u0161e vpra\u0161anje za okroglo mizo&#8221; dodana beseda IMOJSTER [&hellip;]<\/p>\n","protected":false},"author":1,"featured_media":0,"parent":0,"menu_order":0,"comment_status":"closed","ping_status":"closed","template":"page-prelaunch-sidebar.php","meta":{"site-sidebar-layout":"default","site-content-layout":"","ast-site-content-layout":"default","site-content-style":"default","site-sidebar-style":"default","ast-global-header-display":"","ast-banner-title-visibility":"","ast-main-header-display":"","ast-hfb-above-header-display":"","ast-hfb-below-header-display":"","ast-hfb-mobile-header-display":"","site-post-title":"","ast-breadcrumbs-content":"","ast-featured-img":"","footer-sml-layout":"","ast-disable-related-posts":"","theme-transparent-header-meta":"","adv-header-id-meta":"","stick-header-meta":"","header-above-stick-meta":"","header-main-stick-meta":"","header-below-stick-meta":"","astra-migrate-meta-layouts":"default","ast-page-background-enabled":"default","ast-page-background-meta":{"desktop":{"background-color":"var(--ast-global-color-4)","background-image":"","background-repeat":"repeat","background-position":"center center","background-size":"auto","background-attachment":"scroll","background-type":"","background-media":"","overlay-type":"","overlay-color":"","overlay-opacity":"","overlay-gradient":""},"tablet":{"background-color":"","background-image":"","background-repeat":"repeat","background-position":"center center","background-size":"auto","background-attachment":"scroll","background-type":"","background-media":"","overlay-type":"","overlay-color":"","overlay-opacity":"","overlay-gradient":""},"mobile":{"background-color":"","background-image":"","background-repeat":"repeat","background-position":"center center","background-size":"auto","background-attachment":"scroll","background-type":"","background-media":"","overlay-type":"","overlay-color":"","overlay-opacity":"","overlay-gradient":""}},"ast-content-background-meta":{"desktop":{"background-color":"var(--ast-global-color-5)","background-image":"","background-repeat":"repeat","background-position":"center center","background-size":"auto","background-attachment":"scroll","background-type":"","background-media":"","overlay-type":"","overlay-color":"","overlay-opacity":"","overlay-gradient":""},"tablet":{"background-color":"var(--ast-global-color-5)","background-image":"","background-repeat":"repeat","background-position":"center center","background-size":"auto","background-attachment":"scroll","background-type":"","background-media":"","overlay-type":"","overlay-color":"","overlay-opacity":"","overlay-gradient":""},"mobile":{"background-color":"var(--ast-global-color-5)","background-image":"","background-repeat":"repeat","background-position":"center center","background-size":"auto","background-attachment":"scroll","background-type":"","background-media":"","overlay-type":"","overlay-color":"","overlay-opacity":"","overlay-gradient":""}},"footnotes":""},"class_list":["post-272","page","type-page","status-publish","hentry"],"yoast_head":"<!-- This site is optimized with the Yoast SEO plugin v27.5 - https:\/\/yoast.com\/product\/yoast-seo-wordpress\/ -->\n<title>Za \u010dlane foruma Internet mojster | Seminar Video Marketing 2011<\/title>\n<meta name=\"robots\" content=\"index, follow, max-snippet:-1, max-image-preview:large, max-video-preview:-1\" \/>\n<link rel=\"canonical\" href=\"http:\/\/spletin.net\/seminar\/za-clane-foruma-internet-mojster\/\" \/>\n<meta name=\"twitter:label1\" content=\"Est. reading time\" \/>\n\t<meta name=\"twitter:data1\" content=\"1 minuta\" \/>\n<script type=\"application\/ld+json\" class=\"yoast-schema-graph\">{\"@context\":\"https:\\\/\\\/schema.org\",\"@graph\":[{\"@type\":\"WebPage\",\"@id\":\"http:\\\/\\\/spletin.net\\\/seminar\\\/za-clane-foruma-internet-mojster\\\/\",\"url\":\"http:\\\/\\\/spletin.net\\\/seminar\\\/za-clane-foruma-internet-mojster\\\/\",\"name\":\"Za \u010dlane foruma Internet mojster | Seminar Video Marketing 2011\",\"isPartOf\":{\"@id\":\"http:\\\/\\\/spletin.net\\\/seminar\\\/#website\"},\"primaryImageOfPage\":{\"@id\":\"http:\\\/\\\/spletin.net\\\/seminar\\\/za-clane-foruma-internet-mojster\\\/#primaryimage\"},\"image\":{\"@id\":\"http:\\\/\\\/spletin.net\\\/seminar\\\/za-clane-foruma-internet-mojster\\\/#primaryimage\"},\"thumbnailUrl\":\"https:\\\/\\\/www.paypal.com\\\/en_US\\\/i\\\/scr\\\/pixel.gif\",\"datePublished\":\"2010-12-02T14:12:26+00:00\",\"dateModified\":\"2010-12-06T09:42:55+00:00\",\"breadcrumb\":{\"@id\":\"http:\\\/\\\/spletin.net\\\/seminar\\\/za-clane-foruma-internet-mojster\\\/#breadcrumb\"},\"inLanguage\":\"sl-SI\",\"potentialAction\":[{\"@type\":\"ReadAction\",\"target\":[\"http:\\\/\\\/spletin.net\\\/seminar\\\/za-clane-foruma-internet-mojster\\\/\"]}]},{\"@type\":\"ImageObject\",\"inLanguage\":\"sl-SI\",\"@id\":\"http:\\\/\\\/spletin.net\\\/seminar\\\/za-clane-foruma-internet-mojster\\\/#primaryimage\",\"url\":\"https:\\\/\\\/www.paypal.com\\\/en_US\\\/i\\\/scr\\\/pixel.gif\",\"contentUrl\":\"https:\\\/\\\/www.paypal.com\\\/en_US\\\/i\\\/scr\\\/pixel.gif\"},{\"@type\":\"BreadcrumbList\",\"@id\":\"http:\\\/\\\/spletin.net\\\/seminar\\\/za-clane-foruma-internet-mojster\\\/#breadcrumb\",\"itemListElement\":[{\"@type\":\"ListItem\",\"position\":1,\"name\":\"Home\",\"item\":\"http:\\\/\\\/spletin.net\\\/seminar\\\/\"},{\"@type\":\"ListItem\",\"position\":2,\"name\":\"Za \u010dlane foruma Internet mojster\"}]},{\"@type\":\"WebSite\",\"@id\":\"http:\\\/\\\/spletin.net\\\/seminar\\\/#website\",\"url\":\"http:\\\/\\\/spletin.net\\\/seminar\\\/\",\"name\":\"Seminar Video Marketing 2011\",\"description\":\"Video marketing 2011\",\"publisher\":{\"@id\":\"http:\\\/\\\/spletin.net\\\/seminar\\\/#organization\"},\"potentialAction\":[{\"@type\":\"SearchAction\",\"target\":{\"@type\":\"EntryPoint\",\"urlTemplate\":\"http:\\\/\\\/spletin.net\\\/seminar\\\/?s={search_term_string}\"},\"query-input\":{\"@type\":\"PropertyValueSpecification\",\"valueRequired\":true,\"valueName\":\"search_term_string\"}}],\"inLanguage\":\"sl-SI\"},{\"@type\":\"Organization\",\"@id\":\"http:\\\/\\\/spletin.net\\\/seminar\\\/#organization\",\"name\":\"spletin.net d.o.o.\",\"url\":\"http:\\\/\\\/spletin.net\\\/seminar\\\/\",\"logo\":{\"@type\":\"ImageObject\",\"inLanguage\":\"sl-SI\",\"@id\":\"http:\\\/\\\/spletin.net\\\/seminar\\\/#\\\/schema\\\/logo\\\/image\\\/\",\"url\":\"http:\\\/\\\/spletin.net\\\/seminar\\\/wp-content\\\/uploads\\\/logo-spletin-t.png\",\"contentUrl\":\"http:\\\/\\\/spletin.net\\\/seminar\\\/wp-content\\\/uploads\\\/logo-spletin-t.png\",\"width\":283,\"height\":54,\"caption\":\"spletin.net d.o.o.\"},\"image\":{\"@id\":\"http:\\\/\\\/spletin.net\\\/seminar\\\/#\\\/schema\\\/logo\\\/image\\\/\"}}]}<\/script>\n<!-- \/ Yoast SEO plugin. -->","yoast_head_json":{"title":"Za \u010dlane foruma Internet mojster | Seminar Video Marketing 2011","robots":{"index":"index","follow":"follow","max-snippet":"max-snippet:-1","max-image-preview":"max-image-preview:large","max-video-preview":"max-video-preview:-1"},"canonical":"http:\/\/spletin.net\/seminar\/za-clane-foruma-internet-mojster\/","twitter_misc":{"Est. reading time":"1 minuta"},"schema":{"@context":"https:\/\/schema.org","@graph":[{"@type":"WebPage","@id":"http:\/\/spletin.net\/seminar\/za-clane-foruma-internet-mojster\/","url":"http:\/\/spletin.net\/seminar\/za-clane-foruma-internet-mojster\/","name":"Za \u010dlane foruma Internet mojster | Seminar Video Marketing 2011","isPartOf":{"@id":"http:\/\/spletin.net\/seminar\/#website"},"primaryImageOfPage":{"@id":"http:\/\/spletin.net\/seminar\/za-clane-foruma-internet-mojster\/#primaryimage"},"image":{"@id":"http:\/\/spletin.net\/seminar\/za-clane-foruma-internet-mojster\/#primaryimage"},"thumbnailUrl":"https:\/\/www.paypal.com\/en_US\/i\/scr\/pixel.gif","datePublished":"2010-12-02T14:12:26+00:00","dateModified":"2010-12-06T09:42:55+00:00","breadcrumb":{"@id":"http:\/\/spletin.net\/seminar\/za-clane-foruma-internet-mojster\/#breadcrumb"},"inLanguage":"sl-SI","potentialAction":[{"@type":"ReadAction","target":["http:\/\/spletin.net\/seminar\/za-clane-foruma-internet-mojster\/"]}]},{"@type":"ImageObject","inLanguage":"sl-SI","@id":"http:\/\/spletin.net\/seminar\/za-clane-foruma-internet-mojster\/#primaryimage","url":"https:\/\/www.paypal.com\/en_US\/i\/scr\/pixel.gif","contentUrl":"https:\/\/www.paypal.com\/en_US\/i\/scr\/pixel.gif"},{"@type":"BreadcrumbList","@id":"http:\/\/spletin.net\/seminar\/za-clane-foruma-internet-mojster\/#breadcrumb","itemListElement":[{"@type":"ListItem","position":1,"name":"Home","item":"http:\/\/spletin.net\/seminar\/"},{"@type":"ListItem","position":2,"name":"Za \u010dlane foruma Internet mojster"}]},{"@type":"WebSite","@id":"http:\/\/spletin.net\/seminar\/#website","url":"http:\/\/spletin.net\/seminar\/","name":"Seminar Video Marketing 2011","description":"Video marketing 2011","publisher":{"@id":"http:\/\/spletin.net\/seminar\/#organization"},"potentialAction":[{"@type":"SearchAction","target":{"@type":"EntryPoint","urlTemplate":"http:\/\/spletin.net\/seminar\/?s={search_term_string}"},"query-input":{"@type":"PropertyValueSpecification","valueRequired":true,"valueName":"search_term_string"}}],"inLanguage":"sl-SI"},{"@type":"Organization","@id":"http:\/\/spletin.net\/seminar\/#organization","name":"spletin.net d.o.o.","url":"http:\/\/spletin.net\/seminar\/","logo":{"@type":"ImageObject","inLanguage":"sl-SI","@id":"http:\/\/spletin.net\/seminar\/#\/schema\/logo\/image\/","url":"http:\/\/spletin.net\/seminar\/wp-content\/uploads\/logo-spletin-t.png","contentUrl":"http:\/\/spletin.net\/seminar\/wp-content\/uploads\/logo-spletin-t.png","width":283,"height":54,"caption":"spletin.net d.o.o."},"image":{"@id":"http:\/\/spletin.net\/seminar\/#\/schema\/logo\/image\/"}}]}},"_links":{"self":[{"href":"http:\/\/spletin.net\/seminar\/wp-json\/wp\/v2\/pages\/272","targetHints":{"allow":["GET"]}}],"collection":[{"href":"http:\/\/spletin.net\/seminar\/wp-json\/wp\/v2\/pages"}],"about":[{"href":"http:\/\/spletin.net\/seminar\/wp-json\/wp\/v2\/types\/page"}],"author":[{"embeddable":true,"href":"http:\/\/spletin.net\/seminar\/wp-json\/wp\/v2\/users\/1"}],"replies":[{"embeddable":true,"href":"http:\/\/spletin.net\/seminar\/wp-json\/wp\/v2\/comments?post=272"}],"version-history":[{"count":12,"href":"http:\/\/spletin.net\/seminar\/wp-json\/wp\/v2\/pages\/272\/revisions"}],"predecessor-version":[{"id":397,"href":"http:\/\/spletin.net\/seminar\/wp-json\/wp\/v2\/pages\/272\/revisions\/397"}],"wp:attachment":[{"href":"http:\/\/spletin.net\/seminar\/wp-json\/wp\/v2\/media?parent=272"}],"curies":[{"name":"wp","href":"https:\/\/api.w.org\/{rel}","templated":true}]}}