{"id":375,"date":"2010-12-06T09:08:59","date_gmt":"2010-12-06T09:08:59","guid":{"rendered":"http:\/\/spletin.net\/seminar"},"modified":"2011-10-09T14:42:24","modified_gmt":"2011-10-09T12:42:24","slug":"splosni-pogoji","status":"publish","type":"page","link":"http:\/\/spletin.net\/seminar\/splosni-pogoji\/","title":{"rendered":"Splo\u0161ni pogoji"},"content":{"rendered":"<h4>1. Prijave in pla\u010dilo kotizacije<\/h4>\n<p>Prijavnica<br \/>\nNa dogodek, ki ga organizira spletin.net d.o.o., Prekorje 49, 3211 \u0160kofja vas (v nadaljevanju spletin.net) se obiskovalci spletne strani prijavijo z izpolnitvijo spletne prijavnice, ki se nahaja na strani http:\/\/spletin.net\/seminar.<\/p>\n<p>Podatki na prijavnici<br \/>\nOb vsaki izpolnitvi prijavnice je potrebno vnesti naslednje podatke: ime in priimek, e-naslov, telefon in naslov.<\/p>\n<p>Pla\u010dilo kotizacije<br \/>\nPla\u010dilo kotizacije se mora izvesti pred nastopom dogodka. Datum pla\u010dila, cena in ostali pla\u010dilni pogoji so navedeni na predra\u010dunu, ki ga spletin.net po\u0161lje na e-naslov prijavitelja na seminar. Ta predra\u010dun upo\u0161teva tudi vse morebitne popuste na izpisano vi\u0161ino kotizacije, ki jih spletin.net prizna prijavitelju.<\/p>\n<p>Spletin.net bo v 7 dneh po opravljenem dogodku izstavil ra\u010dun na naslov, ki je naveden na prijavnici.<\/p>\n<h4>2. Odpoved prijave in stro\u0161ki odpovedi<\/h4>\n<p>Odpoved prijave na dogodek je mo\u017ena le v pisni obliki, posredovani po e-po\u0161ti na naslov podjetje@spletin.net. Ustnih odpovedi, posredovanih po telefonu, ne sprejemamo.<\/p>\n<p>Prijavitelj na dogodek ima pravico pisno odpovedati udele\u017ebo na dogodku, na katerega se je prijavil.<\/p>\n<p>Stro\u0161ki odpovedi so naslednji:<br \/>\n&#8211; do 2 delovnih dni pred dogodkom 0% cene kotizacije cene kotizacije za dogodek,<\/p>\n<p>&#8211; na dan dogodka do 11:15 0% cene kotizacije cene kotizacije za dogodek z osebno odpovedjo (prisotnost na seminarju),<\/p>\n<p>&#8211; 1 delovni dan in manj dni pred dogodkom 30% cene kotizacije za pisno odpoved, \u010de jo spletin.net prejme najkasneje na dan dogodka do 9. ure.<\/p>\n<p>Skrajni rok za pisno odpoved brez obveznosti pla\u010dila kotizacije sta 2 delovna dneva pred dnevom na katerega poteka dogodek.<\/p>\n<h4>3. Odpoved dogodka s strani spletin.net<\/h4>\n<p>Spletin.net si pridr\u017euje pravico do spremembe vsebine dogodka, spremembe datuma in lokacije dogodka ter do odpovedi posameznega dogodka. Spletin.net je obvezan pravo\u010dasno obvestiti vse prijavljene ude\u017eence o morebitnih spremembah.<\/p>\n<h4>4. \u0160tudentje \/ \u0160tudentska kotizacija<\/h4>\n<p>\u0160tudentje so upravi\u010deni do posebnega popusta pri kotizaciji za dogodke, pri katerih je to izrecno dolo\u010deno. Za uveljavljanje popusta ob prijavi, se mora \u0161tudent izkazati z veljavnim osebnim dokumentom, \u0161tudentsko izkaznico in\/ali potrjenim in veljavnim potrdilom o \u0161olanju. Osebe, ki so poleg \u0161tudija zaposleni, nimajo pravice do uveljavljanja \u0161tudentskega popusta. \u0160tudentska kotizacija je namenjena tako rednim kot izrednim dodiplomskim \u0161tudentom.<\/p>\n<h4>5. Varovanje osebnih podatkov<\/h4>\n<p>Spletin.net zagotavlja visoko raven varovanja osebnih podatkov in se zavezuje, da bo vse prejete osebne podatke, navedene v prijavnici, skrbno hranil in uporabljal samo z namenom analiziranja podatkov o udele\u017eencih dogodkov, za marketin\u0161ke raziskave ter za predstavitev izdelkov in storitev spletin.net d.o.o. &#8211; spletin.net, Prekorje 49, 3211 \u0160kofja vas, ter jih brez privolitve posameznih oseb, na katere se podatki nana\u0161ajo, ne bo posredoval tretjim osebam.<\/p>\n<p>Prijavitelji na dogodek s podpisom dovoljujejo obdelavo svojih osebnih podatkov in podatkov oseb, ki so navedeni na prijavnici za zgoraj opisani namen, za kar imajo vsa ustrezna pooblastila. Osebe, navedene na prijavnici, lahko kadarkoli zahtevajo, da spletin.net trajno ali za\u010dasno preneha uporabljati njihove osebne podatke z namenom analiziranja naro\u010dnikov oziroma udele\u017eencev dogodkov, marketin\u0161kih raziskav ter za predstavitev izdelkov in storitev spletin.net d.o.o., Prekorje 49, 3211 \u0160kofja vas.<\/p>\n<p>Osebe, navedene na prijavnici, imajo popolno pravico do dostopa do svojih osebnih podatkov ter pravico, da spletin.net kontaktirajo na naslovih, ki so navedeni na spletni strani http:\/\/spletin.net\/seminar, \u010de si \u017eelijo ogledati, popraviti, spremeniti ali posodobiti svoje osebne podatke v podatkovni bazi spletin.net d.o.o., Prekorje 49, 3211 \u0160kofja vas.<\/p>\n<p>Spletin.net je dol\u017ean v 15 dneh ustrezno prepre\u010diti uporabo osebnih podatkov z namenom analiziranja naro\u010dnikov, marketin\u0161kih raziskav ter za predstavitev izdelkov in storitev spletin.net, ter o tem v nadaljnjih 5 dneh obvestiti osebo, ki je to zahtevala. Stro\u0161ke vseh dejanj v zvezi s tem krije spletin.net.<\/p>\n<p>Splo\u0161ni pogoji veljajo od 1. decembra 2010.<\/p>\n<p>spletin.net d.o.o., Prekorje 49, 3211 \u0160kofja vas<\/p>\n","protected":false},"excerpt":{"rendered":"<p>1. Prijave in pla\u010dilo kotizacije Prijavnica Na dogodek, ki ga organizira spletin.net d.o.o., Prekorje 49, 3211 \u0160kofja vas (v nadaljevanju spletin.net) se obiskovalci spletne strani prijavijo z izpolnitvijo spletne prijavnice, ki se nahaja na strani http:\/\/spletin.net\/seminar. Podatki na prijavnici Ob vsaki izpolnitvi prijavnice je potrebno vnesti naslednje podatke: ime in priimek, e-naslov, telefon in naslov. [&hellip;]<\/p>\n","protected":false},"author":1,"featured_media":0,"parent":0,"menu_order":0,"comment_status":"open","ping_status":"open","template":"page-prelaunch-wide-header-sidebar.php","meta":{"site-sidebar-layout":"default","site-content-layout":"","ast-site-content-layout":"default","site-content-style":"default","site-sidebar-style":"default","ast-global-header-display":"","ast-banner-title-visibility":"","ast-main-header-display":"","ast-hfb-above-header-display":"","ast-hfb-below-header-display":"","ast-hfb-mobile-header-display":"","site-post-title":"","ast-breadcrumbs-content":"","ast-featured-img":"","footer-sml-layout":"","ast-disable-related-posts":"","theme-transparent-header-meta":"","adv-header-id-meta":"","stick-header-meta":"","header-above-stick-meta":"","header-main-stick-meta":"","header-below-stick-meta":"","astra-migrate-meta-layouts":"default","ast-page-background-enabled":"default","ast-page-background-meta":{"desktop":{"background-color":"var(--ast-global-color-4)","background-image":"","background-repeat":"repeat","background-position":"center center","background-size":"auto","background-attachment":"scroll","background-type":"","background-media":"","overlay-type":"","overlay-color":"","overlay-opacity":"","overlay-gradient":""},"tablet":{"background-color":"","background-image":"","background-repeat":"repeat","background-position":"center center","background-size":"auto","background-attachment":"scroll","background-type":"","background-media":"","overlay-type":"","overlay-color":"","overlay-opacity":"","overlay-gradient":""},"mobile":{"background-color":"","background-image":"","background-repeat":"repeat","background-position":"center center","background-size":"auto","background-attachment":"scroll","background-type":"","background-media":"","overlay-type":"","overlay-color":"","overlay-opacity":"","overlay-gradient":""}},"ast-content-background-meta":{"desktop":{"background-color":"var(--ast-global-color-5)","background-image":"","background-repeat":"repeat","background-position":"center center","background-size":"auto","background-attachment":"scroll","background-type":"","background-media":"","overlay-type":"","overlay-color":"","overlay-opacity":"","overlay-gradient":""},"tablet":{"background-color":"var(--ast-global-color-5)","background-image":"","background-repeat":"repeat","background-position":"center center","background-size":"auto","background-attachment":"scroll","background-type":"","background-media":"","overlay-type":"","overlay-color":"","overlay-opacity":"","overlay-gradient":""},"mobile":{"background-color":"var(--ast-global-color-5)","background-image":"","background-repeat":"repeat","background-position":"center center","background-size":"auto","background-attachment":"scroll","background-type":"","background-media":"","overlay-type":"","overlay-color":"","overlay-opacity":"","overlay-gradient":""}},"footnotes":""},"class_list":["post-375","page","type-page","status-publish","hentry"],"yoast_head":"<!-- This site is optimized with the Yoast SEO plugin v27.5 - https:\/\/yoast.com\/product\/yoast-seo-wordpress\/ -->\n<title>Splo\u0161ni pogoji |<\/title>\n<meta name=\"robots\" content=\"index, follow, max-snippet:-1, max-image-preview:large, max-video-preview:-1\" \/>\n<link rel=\"canonical\" href=\"http:\/\/spletin.net\/seminar\/splosni-pogoji\/\" \/>\n<meta name=\"twitter:label1\" content=\"Est. reading time\" \/>\n\t<meta name=\"twitter:data1\" content=\"3 minute\" \/>\n<script type=\"application\/ld+json\" class=\"yoast-schema-graph\">{\"@context\":\"https:\\\/\\\/schema.org\",\"@graph\":[{\"@type\":\"WebPage\",\"@id\":\"http:\\\/\\\/spletin.net\\\/seminar\\\/splosni-pogoji\\\/\",\"url\":\"http:\\\/\\\/spletin.net\\\/seminar\\\/splosni-pogoji\\\/\",\"name\":\"Splo\u0161ni pogoji |\",\"isPartOf\":{\"@id\":\"http:\\\/\\\/spletin.net\\\/seminar\\\/#website\"},\"datePublished\":\"2010-12-06T09:08:59+00:00\",\"dateModified\":\"2011-10-09T12:42:24+00:00\",\"breadcrumb\":{\"@id\":\"http:\\\/\\\/spletin.net\\\/seminar\\\/splosni-pogoji\\\/#breadcrumb\"},\"inLanguage\":\"sl-SI\",\"potentialAction\":[{\"@type\":\"ReadAction\",\"target\":[\"http:\\\/\\\/spletin.net\\\/seminar\\\/splosni-pogoji\\\/\"]}]},{\"@type\":\"BreadcrumbList\",\"@id\":\"http:\\\/\\\/spletin.net\\\/seminar\\\/splosni-pogoji\\\/#breadcrumb\",\"itemListElement\":[{\"@type\":\"ListItem\",\"position\":1,\"name\":\"Home\",\"item\":\"http:\\\/\\\/spletin.net\\\/seminar\\\/\"},{\"@type\":\"ListItem\",\"position\":2,\"name\":\"Splo\u0161ni pogoji\"}]},{\"@type\":\"WebSite\",\"@id\":\"http:\\\/\\\/spletin.net\\\/seminar\\\/#website\",\"url\":\"http:\\\/\\\/spletin.net\\\/seminar\\\/\",\"name\":\"Seminar Video Marketing 2011\",\"description\":\"Video marketing 2011\",\"publisher\":{\"@id\":\"http:\\\/\\\/spletin.net\\\/seminar\\\/#organization\"},\"potentialAction\":[{\"@type\":\"SearchAction\",\"target\":{\"@type\":\"EntryPoint\",\"urlTemplate\":\"http:\\\/\\\/spletin.net\\\/seminar\\\/?s={search_term_string}\"},\"query-input\":{\"@type\":\"PropertyValueSpecification\",\"valueRequired\":true,\"valueName\":\"search_term_string\"}}],\"inLanguage\":\"sl-SI\"},{\"@type\":\"Organization\",\"@id\":\"http:\\\/\\\/spletin.net\\\/seminar\\\/#organization\",\"name\":\"spletin.net d.o.o.\",\"url\":\"http:\\\/\\\/spletin.net\\\/seminar\\\/\",\"logo\":{\"@type\":\"ImageObject\",\"inLanguage\":\"sl-SI\",\"@id\":\"http:\\\/\\\/spletin.net\\\/seminar\\\/#\\\/schema\\\/logo\\\/image\\\/\",\"url\":\"http:\\\/\\\/spletin.net\\\/seminar\\\/wp-content\\\/uploads\\\/logo-spletin-t.png\",\"contentUrl\":\"http:\\\/\\\/spletin.net\\\/seminar\\\/wp-content\\\/uploads\\\/logo-spletin-t.png\",\"width\":283,\"height\":54,\"caption\":\"spletin.net d.o.o.\"},\"image\":{\"@id\":\"http:\\\/\\\/spletin.net\\\/seminar\\\/#\\\/schema\\\/logo\\\/image\\\/\"}}]}<\/script>\n<!-- \/ Yoast SEO plugin. -->","yoast_head_json":{"title":"Splo\u0161ni pogoji |","robots":{"index":"index","follow":"follow","max-snippet":"max-snippet:-1","max-image-preview":"max-image-preview:large","max-video-preview":"max-video-preview:-1"},"canonical":"http:\/\/spletin.net\/seminar\/splosni-pogoji\/","twitter_misc":{"Est. reading time":"3 minute"},"schema":{"@context":"https:\/\/schema.org","@graph":[{"@type":"WebPage","@id":"http:\/\/spletin.net\/seminar\/splosni-pogoji\/","url":"http:\/\/spletin.net\/seminar\/splosni-pogoji\/","name":"Splo\u0161ni pogoji |","isPartOf":{"@id":"http:\/\/spletin.net\/seminar\/#website"},"datePublished":"2010-12-06T09:08:59+00:00","dateModified":"2011-10-09T12:42:24+00:00","breadcrumb":{"@id":"http:\/\/spletin.net\/seminar\/splosni-pogoji\/#breadcrumb"},"inLanguage":"sl-SI","potentialAction":[{"@type":"ReadAction","target":["http:\/\/spletin.net\/seminar\/splosni-pogoji\/"]}]},{"@type":"BreadcrumbList","@id":"http:\/\/spletin.net\/seminar\/splosni-pogoji\/#breadcrumb","itemListElement":[{"@type":"ListItem","position":1,"name":"Home","item":"http:\/\/spletin.net\/seminar\/"},{"@type":"ListItem","position":2,"name":"Splo\u0161ni pogoji"}]},{"@type":"WebSite","@id":"http:\/\/spletin.net\/seminar\/#website","url":"http:\/\/spletin.net\/seminar\/","name":"Seminar Video Marketing 2011","description":"Video marketing 2011","publisher":{"@id":"http:\/\/spletin.net\/seminar\/#organization"},"potentialAction":[{"@type":"SearchAction","target":{"@type":"EntryPoint","urlTemplate":"http:\/\/spletin.net\/seminar\/?s={search_term_string}"},"query-input":{"@type":"PropertyValueSpecification","valueRequired":true,"valueName":"search_term_string"}}],"inLanguage":"sl-SI"},{"@type":"Organization","@id":"http:\/\/spletin.net\/seminar\/#organization","name":"spletin.net d.o.o.","url":"http:\/\/spletin.net\/seminar\/","logo":{"@type":"ImageObject","inLanguage":"sl-SI","@id":"http:\/\/spletin.net\/seminar\/#\/schema\/logo\/image\/","url":"http:\/\/spletin.net\/seminar\/wp-content\/uploads\/logo-spletin-t.png","contentUrl":"http:\/\/spletin.net\/seminar\/wp-content\/uploads\/logo-spletin-t.png","width":283,"height":54,"caption":"spletin.net d.o.o."},"image":{"@id":"http:\/\/spletin.net\/seminar\/#\/schema\/logo\/image\/"}}]}},"_links":{"self":[{"href":"http:\/\/spletin.net\/seminar\/wp-json\/wp\/v2\/pages\/375","targetHints":{"allow":["GET"]}}],"collection":[{"href":"http:\/\/spletin.net\/seminar\/wp-json\/wp\/v2\/pages"}],"about":[{"href":"http:\/\/spletin.net\/seminar\/wp-json\/wp\/v2\/types\/page"}],"author":[{"embeddable":true,"href":"http:\/\/spletin.net\/seminar\/wp-json\/wp\/v2\/users\/1"}],"replies":[{"embeddable":true,"href":"http:\/\/spletin.net\/seminar\/wp-json\/wp\/v2\/comments?post=375"}],"version-history":[{"count":11,"href":"http:\/\/spletin.net\/seminar\/wp-json\/wp\/v2\/pages\/375\/revisions"}],"predecessor-version":[{"id":1124,"href":"http:\/\/spletin.net\/seminar\/wp-json\/wp\/v2\/pages\/375\/revisions\/1124"}],"wp:attachment":[{"href":"http:\/\/spletin.net\/seminar\/wp-json\/wp\/v2\/media?parent=375"}],"curies":[{"name":"wp","href":"https:\/\/api.w.org\/{rel}","templated":true}]}}