{"id":519,"date":"2010-12-13T02:19:50","date_gmt":"2010-12-13T01:19:50","guid":{"rendered":"http:\/\/spletin.net\/seminar"},"modified":"2011-10-09T14:48:46","modified_gmt":"2011-10-09T12:48:46","slug":"pogosto-zastavljena-vprasanja","status":"publish","type":"page","link":"http:\/\/spletin.net\/seminar\/pogosto-zastavljena-vprasanja\/","title":{"rendered":"Pogosto zastavljena vpra\u0161anja"},"content":{"rendered":"<p><strong>1. O \u010dem bo sploh seminar?<\/strong><\/p>\n<p>O u\u010dinkoviti uporabi video marketinga v svetovnem spletu. Preberite <a href=\"http:\/\/spletin.net\/seminar\" style=\"text-decoration: underline\">vabilo in program<\/a> ter vljudno vabljeni, da si ogledate tri brezpla\u010dne video posnetke.<\/p>\n<p><strong>2. Garantirate rezultate (prvi zadetek iskanja Google)?<\/strong><\/p>\n<p>V spletu je te\u017eko karkoli garantirati. \u010ce boste sledili korakom, ki bodo v prezentaciji drugega dela seminarja, boste lahko dosegli uvrstitev va\u0161ega video posnetka na prvo mesto zadetkov iskanja za izbrano klju\u010dno besedo.<\/p>\n<p><strong>3. Kaj vsebuje e-te\u010daj (bonus #1)?<\/strong><br \/>\n5 tednov prakti\u010dnih lekcij z video posnetki, predlogami in drugimi gradivi. Odkrili boste razli\u010dne na\u010dine izdelave, monta\u017ee in distribucije va\u0161ih video posnetkov ter kako jih u\u010dinkovito uporabiti za video marketing.<\/p>\n<p><strong>4. Mi boste pomagali pripraviti video?<\/strong><br \/>\nE-te\u010daj (glej to\u010dko 3) vam bo pomagal, da boste hitro in enostavno znali pripraviti va\u0161 video. Brezpla\u010dno vam bomo pomagali z nasveti in pomo\u010djo v zasebnem spleti\u0161\u010du za e-te\u010daj, izdelavo videa pa lahko naro\u010dite tudi pri nas.<\/p>\n<p><strong>5. Lahko z mano pride \u0161e kdo drug iz podjetja?<\/strong><br \/>\nLahko, vendar prosimo, da njihova imena in priimke vnesete v obrazec in sicer v polje &#8220;Va\u0161e vpra\u0161anje za okroglo mizo&#8221;. \u0160tevilo udele\u017eencev moramo namre\u010d sporo\u010diti lastniku dvorane.<\/p>\n<p><strong>6. Kako je s temi popusti za ve\u010d udele\u017eencev iz istega podjetja?<\/strong><br \/>\nZelo enostavno, za drugega udele\u017eenca poravnate \u0161e 50% celotne kotizacije. Prosimo, da ni ve\u010d kot pet (5) udele\u017eencev iz istega podjetja, kotizacija velja podobno (trije za 200% kotizacije, pet za 300% kotizacije ipd). <\/p>\n<p><strong>7. Kako se prijavim?<\/strong><br \/>\nSeminar je bil izveden. Video prezentacije lahko dobite na <a href=\"http:\/\/spletin.net\/seminar\" style=\"text-decoration: underline\">prvi strani seminarja<\/a>.<br \/>\nOriginalno besedilo:<br \/>\nProsimo izpolnite <a href=\"http:\/\/spletin.net\/seminar\/#prijavnica\">prijavnico<\/a> in vas bomo \u010dimprej kontaktirali ter poslali predra\u010dun, \u010de ste pravna oseba. Pod prijavnico je tudi povezava na mo\u017enost poravnave kotizacije s kreditno kartico prek varne spletne storitve PayPal (le za enega udele\u017eenca, za ve\u010d nas prosim kontaktirajte prek strani <a href=\"http:\/\/spletin.net\/seminar\/\" style=\"text-decoration: underline\">Vabilo in program<\/a>).<\/p>\n<p><strong>8. Kam naj pridem?<\/strong><br \/>\nPoglejte <a href=\"http:\/\/spletin.net\/seminar\/lokacija-tehnopolisa\" style=\"text-decoration: underline\">lokacijo Tehnopolisa<\/a>. Dodan je zemljevid in zamegljen video posnetek za ve\u010d pomo\u010di (da se nismo ukvarjali s skrivanjem registrskih tablic &#8230;). \u010cakamo vas v 4. nadstropju prve stavbe Tehnopolisa, v sejni vogalni sobi, ki je popolnoma levo od dvigala.<\/p>\n<p><strong>9. Ni nagovor na koncu tretjega videa malo &#8220;pokajo\u010d&#8221;?<\/strong><br \/>\nLepo, da ste to opazili. Res, pozabil sem nastavek za video kamero in se moram zahvaliti moji sedemletni h\u010derki, da je pogumno dr\u017eala video kamero (od tod vsi tisti &#8220;poki&#8221;). Seveda sem jo za to nagradil. Posnetek pa sem pustil prav namenoma, da vidite, da se tudi drobne napake v videu ob dobri vsebini, vrednosti prikazanega in dobrem zvoku &#8211; oprostijo. V Internetu ne potrebujete idealnega video posnetka!<\/p>\n<p>Za dodatne informacije nas kontaktirajte prek <a href=\"http:\/\/spletin.net\/seminar\" title=\"vabilo in program seminarja Video marketing 2011\" style=\"text-decoration: underline\">za\u010detne strani seminarja<\/a> ali vnesite va\u0161e vpra\u0161anje spodaj.<\/p>\n<p>Hvala,<br \/>\nSergej Rinc, spletin<\/p>\n","protected":false},"excerpt":{"rendered":"<p>1. O \u010dem bo sploh seminar? O u\u010dinkoviti uporabi video marketinga v svetovnem spletu. Preberite vabilo in program ter vljudno vabljeni, da si ogledate tri brezpla\u010dne video posnetke. 2. Garantirate rezultate (prvi zadetek iskanja Google)? V spletu je te\u017eko karkoli garantirati. \u010ce boste sledili korakom, ki bodo v prezentaciji drugega dela seminarja, boste lahko dosegli [&hellip;]<\/p>\n","protected":false},"author":1,"featured_media":0,"parent":0,"menu_order":0,"comment_status":"open","ping_status":"open","template":"page-prelaunch-wide-header-sidebar.php","meta":{"site-sidebar-layout":"default","site-content-layout":"","ast-site-content-layout":"default","site-content-style":"default","site-sidebar-style":"default","ast-global-header-display":"","ast-banner-title-visibility":"","ast-main-header-display":"","ast-hfb-above-header-display":"","ast-hfb-below-header-display":"","ast-hfb-mobile-header-display":"","site-post-title":"","ast-breadcrumbs-content":"","ast-featured-img":"","footer-sml-layout":"","ast-disable-related-posts":"","theme-transparent-header-meta":"","adv-header-id-meta":"","stick-header-meta":"","header-above-stick-meta":"","header-main-stick-meta":"","header-below-stick-meta":"","astra-migrate-meta-layouts":"default","ast-page-background-enabled":"default","ast-page-background-meta":{"desktop":{"background-color":"var(--ast-global-color-4)","background-image":"","background-repeat":"repeat","background-position":"center center","background-size":"auto","background-attachment":"scroll","background-type":"","background-media":"","overlay-type":"","overlay-color":"","overlay-opacity":"","overlay-gradient":""},"tablet":{"background-color":"","background-image":"","background-repeat":"repeat","background-position":"center center","background-size":"auto","background-attachment":"scroll","background-type":"","background-media":"","overlay-type":"","overlay-color":"","overlay-opacity":"","overlay-gradient":""},"mobile":{"background-color":"","background-image":"","background-repeat":"repeat","background-position":"center center","background-size":"auto","background-attachment":"scroll","background-type":"","background-media":"","overlay-type":"","overlay-color":"","overlay-opacity":"","overlay-gradient":""}},"ast-content-background-meta":{"desktop":{"background-color":"var(--ast-global-color-5)","background-image":"","background-repeat":"repeat","background-position":"center center","background-size":"auto","background-attachment":"scroll","background-type":"","background-media":"","overlay-type":"","overlay-color":"","overlay-opacity":"","overlay-gradient":""},"tablet":{"background-color":"var(--ast-global-color-5)","background-image":"","background-repeat":"repeat","background-position":"center center","background-size":"auto","background-attachment":"scroll","background-type":"","background-media":"","overlay-type":"","overlay-color":"","overlay-opacity":"","overlay-gradient":""},"mobile":{"background-color":"var(--ast-global-color-5)","background-image":"","background-repeat":"repeat","background-position":"center center","background-size":"auto","background-attachment":"scroll","background-type":"","background-media":"","overlay-type":"","overlay-color":"","overlay-opacity":"","overlay-gradient":""}},"footnotes":""},"class_list":["post-519","page","type-page","status-publish","hentry"],"yoast_head":"<!-- This site is optimized with the Yoast SEO plugin v27.5 - https:\/\/yoast.com\/product\/yoast-seo-wordpress\/ -->\n<title>Pogosto zastavljena vpra\u0161anja |<\/title>\n<meta name=\"description\" content=\"Pogosto zastavljena vpra\u0161anja in odgovori o seminarju Video marketing 2011.\" \/>\n<meta name=\"robots\" content=\"index, follow, max-snippet:-1, max-image-preview:large, max-video-preview:-1\" \/>\n<link rel=\"canonical\" href=\"http:\/\/spletin.net\/seminar\/pogosto-zastavljena-vprasanja\/\" \/>\n<meta name=\"twitter:label1\" content=\"Est. reading time\" \/>\n\t<meta name=\"twitter:data1\" content=\"2 minuti\" \/>\n<script type=\"application\/ld+json\" class=\"yoast-schema-graph\">{\"@context\":\"https:\\\/\\\/schema.org\",\"@graph\":[{\"@type\":\"WebPage\",\"@id\":\"http:\\\/\\\/spletin.net\\\/seminar\\\/pogosto-zastavljena-vprasanja\\\/\",\"url\":\"http:\\\/\\\/spletin.net\\\/seminar\\\/pogosto-zastavljena-vprasanja\\\/\",\"name\":\"Pogosto zastavljena vpra\u0161anja |\",\"isPartOf\":{\"@id\":\"http:\\\/\\\/spletin.net\\\/seminar\\\/#website\"},\"datePublished\":\"2010-12-13T01:19:50+00:00\",\"dateModified\":\"2011-10-09T12:48:46+00:00\",\"description\":\"Pogosto zastavljena vpra\u0161anja in odgovori o seminarju Video marketing 2011.\",\"breadcrumb\":{\"@id\":\"http:\\\/\\\/spletin.net\\\/seminar\\\/pogosto-zastavljena-vprasanja\\\/#breadcrumb\"},\"inLanguage\":\"sl-SI\",\"potentialAction\":[{\"@type\":\"ReadAction\",\"target\":[\"http:\\\/\\\/spletin.net\\\/seminar\\\/pogosto-zastavljena-vprasanja\\\/\"]}]},{\"@type\":\"BreadcrumbList\",\"@id\":\"http:\\\/\\\/spletin.net\\\/seminar\\\/pogosto-zastavljena-vprasanja\\\/#breadcrumb\",\"itemListElement\":[{\"@type\":\"ListItem\",\"position\":1,\"name\":\"Home\",\"item\":\"http:\\\/\\\/spletin.net\\\/seminar\\\/\"},{\"@type\":\"ListItem\",\"position\":2,\"name\":\"Pogosto zastavljena vpra\u0161anja\"}]},{\"@type\":\"WebSite\",\"@id\":\"http:\\\/\\\/spletin.net\\\/seminar\\\/#website\",\"url\":\"http:\\\/\\\/spletin.net\\\/seminar\\\/\",\"name\":\"Seminar Video Marketing 2011\",\"description\":\"Video marketing 2011\",\"publisher\":{\"@id\":\"http:\\\/\\\/spletin.net\\\/seminar\\\/#organization\"},\"potentialAction\":[{\"@type\":\"SearchAction\",\"target\":{\"@type\":\"EntryPoint\",\"urlTemplate\":\"http:\\\/\\\/spletin.net\\\/seminar\\\/?s={search_term_string}\"},\"query-input\":{\"@type\":\"PropertyValueSpecification\",\"valueRequired\":true,\"valueName\":\"search_term_string\"}}],\"inLanguage\":\"sl-SI\"},{\"@type\":\"Organization\",\"@id\":\"http:\\\/\\\/spletin.net\\\/seminar\\\/#organization\",\"name\":\"spletin.net d.o.o.\",\"url\":\"http:\\\/\\\/spletin.net\\\/seminar\\\/\",\"logo\":{\"@type\":\"ImageObject\",\"inLanguage\":\"sl-SI\",\"@id\":\"http:\\\/\\\/spletin.net\\\/seminar\\\/#\\\/schema\\\/logo\\\/image\\\/\",\"url\":\"http:\\\/\\\/spletin.net\\\/seminar\\\/wp-content\\\/uploads\\\/logo-spletin-t.png\",\"contentUrl\":\"http:\\\/\\\/spletin.net\\\/seminar\\\/wp-content\\\/uploads\\\/logo-spletin-t.png\",\"width\":283,\"height\":54,\"caption\":\"spletin.net d.o.o.\"},\"image\":{\"@id\":\"http:\\\/\\\/spletin.net\\\/seminar\\\/#\\\/schema\\\/logo\\\/image\\\/\"}}]}<\/script>\n<!-- \/ Yoast SEO plugin. -->","yoast_head_json":{"title":"Pogosto zastavljena vpra\u0161anja |","description":"Pogosto zastavljena vpra\u0161anja in odgovori o seminarju Video marketing 2011.","robots":{"index":"index","follow":"follow","max-snippet":"max-snippet:-1","max-image-preview":"max-image-preview:large","max-video-preview":"max-video-preview:-1"},"canonical":"http:\/\/spletin.net\/seminar\/pogosto-zastavljena-vprasanja\/","twitter_misc":{"Est. reading time":"2 minuti"},"schema":{"@context":"https:\/\/schema.org","@graph":[{"@type":"WebPage","@id":"http:\/\/spletin.net\/seminar\/pogosto-zastavljena-vprasanja\/","url":"http:\/\/spletin.net\/seminar\/pogosto-zastavljena-vprasanja\/","name":"Pogosto zastavljena vpra\u0161anja |","isPartOf":{"@id":"http:\/\/spletin.net\/seminar\/#website"},"datePublished":"2010-12-13T01:19:50+00:00","dateModified":"2011-10-09T12:48:46+00:00","description":"Pogosto zastavljena vpra\u0161anja in odgovori o seminarju Video marketing 2011.","breadcrumb":{"@id":"http:\/\/spletin.net\/seminar\/pogosto-zastavljena-vprasanja\/#breadcrumb"},"inLanguage":"sl-SI","potentialAction":[{"@type":"ReadAction","target":["http:\/\/spletin.net\/seminar\/pogosto-zastavljena-vprasanja\/"]}]},{"@type":"BreadcrumbList","@id":"http:\/\/spletin.net\/seminar\/pogosto-zastavljena-vprasanja\/#breadcrumb","itemListElement":[{"@type":"ListItem","position":1,"name":"Home","item":"http:\/\/spletin.net\/seminar\/"},{"@type":"ListItem","position":2,"name":"Pogosto zastavljena vpra\u0161anja"}]},{"@type":"WebSite","@id":"http:\/\/spletin.net\/seminar\/#website","url":"http:\/\/spletin.net\/seminar\/","name":"Seminar Video Marketing 2011","description":"Video marketing 2011","publisher":{"@id":"http:\/\/spletin.net\/seminar\/#organization"},"potentialAction":[{"@type":"SearchAction","target":{"@type":"EntryPoint","urlTemplate":"http:\/\/spletin.net\/seminar\/?s={search_term_string}"},"query-input":{"@type":"PropertyValueSpecification","valueRequired":true,"valueName":"search_term_string"}}],"inLanguage":"sl-SI"},{"@type":"Organization","@id":"http:\/\/spletin.net\/seminar\/#organization","name":"spletin.net d.o.o.","url":"http:\/\/spletin.net\/seminar\/","logo":{"@type":"ImageObject","inLanguage":"sl-SI","@id":"http:\/\/spletin.net\/seminar\/#\/schema\/logo\/image\/","url":"http:\/\/spletin.net\/seminar\/wp-content\/uploads\/logo-spletin-t.png","contentUrl":"http:\/\/spletin.net\/seminar\/wp-content\/uploads\/logo-spletin-t.png","width":283,"height":54,"caption":"spletin.net d.o.o."},"image":{"@id":"http:\/\/spletin.net\/seminar\/#\/schema\/logo\/image\/"}}]}},"_links":{"self":[{"href":"http:\/\/spletin.net\/seminar\/wp-json\/wp\/v2\/pages\/519","targetHints":{"allow":["GET"]}}],"collection":[{"href":"http:\/\/spletin.net\/seminar\/wp-json\/wp\/v2\/pages"}],"about":[{"href":"http:\/\/spletin.net\/seminar\/wp-json\/wp\/v2\/types\/page"}],"author":[{"embeddable":true,"href":"http:\/\/spletin.net\/seminar\/wp-json\/wp\/v2\/users\/1"}],"replies":[{"embeddable":true,"href":"http:\/\/spletin.net\/seminar\/wp-json\/wp\/v2\/comments?post=519"}],"version-history":[{"count":18,"href":"http:\/\/spletin.net\/seminar\/wp-json\/wp\/v2\/pages\/519\/revisions"}],"predecessor-version":[{"id":1126,"href":"http:\/\/spletin.net\/seminar\/wp-json\/wp\/v2\/pages\/519\/revisions\/1126"}],"wp:attachment":[{"href":"http:\/\/spletin.net\/seminar\/wp-json\/wp\/v2\/media?parent=519"}],"curies":[{"name":"wp","href":"https:\/\/api.w.org\/{rel}","templated":true}]}}