{"id":77,"date":"2010-11-30T10:38:56","date_gmt":"2010-11-30T10:38:56","guid":{"rendered":"http:\/\/spletin.net\/seminar"},"modified":"2013-02-10T18:40:29","modified_gmt":"2013-02-10T17:40:29","slug":"seminar-video-marketing-2011","status":"publish","type":"page","link":"http:\/\/spletin.net\/seminar\/seminar-video-marketing-2011\/","title":{"rendered":"Video marketing za vas &#8211; za\u010dnite danes!"},"content":{"rendered":"<div style=\"margin-left: 3%; margin-right: 3%; text-align: center\">\n<div id=\"evp-d26401ddc5cc5f8e5fa73b601570342e-wrap\" class=\"evp-video-wrap\"><\/div>\n<p><script type=\"text\/javascript\" src=\"http:\/\/predstavitevpodjetja.com\/evp\/framework.php?div_id=evp-d26401ddc5cc5f8e5fa73b601570342e&#038;id=c2VtaW5hci12aWRlby1tYXJrZXRpbmcubXA0&#038;v=1360517986\"><\/script><script type=\"text\/javascript\">_evpInit('c2VtaW5hci12aWRlby1tYXJrZXRpbmcubXA0');<\/script><\/div>\n<h2 style=\"margin-left: 212px; text-decoration: underline; color: blue\"><a href=\"http:\/\/spletin.net\/seminar\" title=\"video marketing\">>>> Cederom in e-te\u010daj <<<<\/a><\/h2>\n<h2>Povezave<\/h2>\n<p><a href='http:\/\/spletin.net\/seminar\/wp-content\/uploads\/seminar-video-marketing.pdf'><img loading=\"lazy\" decoding=\"async\" src=\"http:\/\/spletin.net\/seminar\/wp-content\/uploads\/icon-PDF.jpg\" alt=\"\" title=\"seminar Video marketing | PDF\" width=\"64\" height=\"64\" class=\"alignleft size-full wp-image-467\" \/><\/a><a href='http:\/\/spletin.net\/seminar\/wp-content\/uploads\/seminar-video-marketing.pdf'>Seminar Video marketing<\/a> (PDF prezentacije, 6,6 MB)<br clear=\"all\" \/><br \/>\n<a href='http:\/\/spletin.net\/seminar\/wp-content\/uploads\/spletna-prodaja-Rinc.pdf'><img loading=\"lazy\" decoding=\"async\" src=\"http:\/\/spletin.net\/seminar\/wp-content\/uploads\/icon-PDF.jpg\" alt=\"\" title=\"spletna prodaja | PDF\" width=\"64\" height=\"64\" class=\"alignleft size-full wp-image-467\" \/><\/a><a href='http:\/\/spletin.net\/seminar\/wp-content\/uploads\/spletna-prodaja-Rinc.pdf'>Spletna prodaja<\/a> (PDF o mo\u017enostih prodaje v spletnih dru\u017eabnih omre\u017ejih,<br \/>seminarska naloga za podipl. \u0161tudij, 2009, 1,9 MB)<br clear=\"all\" \/><br \/>\n<a href=\"http:\/\/www.youtube.com\/watch?v=lAl28d6tbko\" title=\"Bo zmiksalo iPada?\" target=\"_blank\">Will it Blend (iPad)<\/a> (uspe\u0161na video kampanja youTube, ki je izdelovalca gospodinjskih stroj\u010dkov uvrstila med prve tri ponudnike v ZDA, omenjena je v zgornjem dokumentu PDF in video posnetku)<br \/>\n<a href=\"http:\/\/www.youtube.com\/watch?v=tVog4y4Ziww\" title=\"Fitness je posel\" target=\"_blank\" rel=\"nofollow\">The Best Exercise for &#8220;LOWER&#8221; ABS &#038; FAT LOSS<\/a> (kako iz hobija s pomo\u010djo YouTube ustvariti posel)<br \/>\n<a href=\"http:\/\/kodakzi8.com\" title=\"Kodak Zi8 | digitalna video kamera\" target=\"_blank\">Kodak Zi8<\/a> (primer minispleti\u0161\u010da za znan izdelek in zaslu\u017eek s provizijo, ne kupujte iz ZDA &#8211; carina! -, lahko nas tudi kontaktirate za pomo\u010d pri nakupu paketa video kamere s pomnilni\u0161ko kartico, daljincem in stojalom itd)<\/p>\n<p><iframe src=\"http:\/\/www.facebook.com\/plugins\/like.php?href=http%3A%2F%2Fspletin.net%2Fseminar%2Fseminar-video-marketing-2011&amp;layout=standard&amp;show_faces=true&amp;width=450&amp;action=like&amp;colorscheme=light&amp;height=80\" scrolling=\"no\" frameborder=\"0\" style=\"border:none; overflow:hidden; width:450px; height:80px;\" allowTransparency=\"true\"><\/iframe><\/p>\n","protected":false},"excerpt":{"rendered":"<p>>>> Cederom in e-te\u010daj<\/p>\n","protected":false},"author":1,"featured_media":0,"parent":0,"menu_order":0,"comment_status":"closed","ping_status":"open","template":"page-prelaunch-wide-header.php","meta":{"site-sidebar-layout":"default","site-content-layout":"","ast-site-content-layout":"default","site-content-style":"default","site-sidebar-style":"default","ast-global-header-display":"","ast-banner-title-visibility":"","ast-main-header-display":"","ast-hfb-above-header-display":"","ast-hfb-below-header-display":"","ast-hfb-mobile-header-display":"","site-post-title":"","ast-breadcrumbs-content":"","ast-featured-img":"","footer-sml-layout":"","ast-disable-related-posts":"","theme-transparent-header-meta":"","adv-header-id-meta":"","stick-header-meta":"","header-above-stick-meta":"","header-main-stick-meta":"","header-below-stick-meta":"","astra-migrate-meta-layouts":"default","ast-page-background-enabled":"default","ast-page-background-meta":{"desktop":{"background-color":"var(--ast-global-color-4)","background-image":"","background-repeat":"repeat","background-position":"center center","background-size":"auto","background-attachment":"scroll","background-type":"","background-media":"","overlay-type":"","overlay-color":"","overlay-opacity":"","overlay-gradient":""},"tablet":{"background-color":"","background-image":"","background-repeat":"repeat","background-position":"center center","background-size":"auto","background-attachment":"scroll","background-type":"","background-media":"","overlay-type":"","overlay-color":"","overlay-opacity":"","overlay-gradient":""},"mobile":{"background-color":"","background-image":"","background-repeat":"repeat","background-position":"center center","background-size":"auto","background-attachment":"scroll","background-type":"","background-media":"","overlay-type":"","overlay-color":"","overlay-opacity":"","overlay-gradient":""}},"ast-content-background-meta":{"desktop":{"background-color":"var(--ast-global-color-5)","background-image":"","background-repeat":"repeat","background-position":"center center","background-size":"auto","background-attachment":"scroll","background-type":"","background-media":"","overlay-type":"","overlay-color":"","overlay-opacity":"","overlay-gradient":""},"tablet":{"background-color":"var(--ast-global-color-5)","background-image":"","background-repeat":"repeat","background-position":"center center","background-size":"auto","background-attachment":"scroll","background-type":"","background-media":"","overlay-type":"","overlay-color":"","overlay-opacity":"","overlay-gradient":""},"mobile":{"background-color":"var(--ast-global-color-5)","background-image":"","background-repeat":"repeat","background-position":"center center","background-size":"auto","background-attachment":"scroll","background-type":"","background-media":"","overlay-type":"","overlay-color":"","overlay-opacity":"","overlay-gradient":""}},"footnotes":""},"class_list":["post-77","page","type-page","status-publish","hentry"],"yoast_head":"<!-- This site is optimized with the Yoast SEO plugin v27.4 - https:\/\/yoast.com\/product\/yoast-seo-wordpress\/ -->\n<title>Video marketing za vas - za\u010dnite danes! |<\/title>\n<meta name=\"description\" content=\"Prakti\u010dni primeri video marketinga vam bodo odkrili, kako lahko z enostavnimi video posnetki prodate izdelke in storitve, ki bi jih te\u017eko prodali sicer.\" \/>\n<meta name=\"robots\" content=\"index, follow, max-snippet:-1, max-image-preview:large, max-video-preview:-1\" \/>\n<link rel=\"canonical\" href=\"http:\/\/spletin.net\/seminar\/seminar-video-marketing-2011\/\" \/>\n<script type=\"application\/ld+json\" class=\"yoast-schema-graph\">{\"@context\":\"https:\\\/\\\/schema.org\",\"@graph\":[{\"@type\":\"WebPage\",\"@id\":\"http:\\\/\\\/spletin.net\\\/seminar\\\/seminar-video-marketing-2011\\\/\",\"url\":\"http:\\\/\\\/spletin.net\\\/seminar\\\/seminar-video-marketing-2011\\\/\",\"name\":\"Video marketing za vas - za\u010dnite danes! |\",\"isPartOf\":{\"@id\":\"http:\\\/\\\/spletin.net\\\/seminar\\\/#website\"},\"primaryImageOfPage\":{\"@id\":\"http:\\\/\\\/spletin.net\\\/seminar\\\/seminar-video-marketing-2011\\\/#primaryimage\"},\"image\":{\"@id\":\"http:\\\/\\\/spletin.net\\\/seminar\\\/seminar-video-marketing-2011\\\/#primaryimage\"},\"thumbnailUrl\":\"http:\\\/\\\/spletin.net\\\/seminar\\\/wp-content\\\/uploads\\\/icon-PDF.jpg\",\"datePublished\":\"2010-11-30T10:38:56+00:00\",\"dateModified\":\"2013-02-10T17:40:29+00:00\",\"description\":\"Prakti\u010dni primeri video marketinga vam bodo odkrili, kako lahko z enostavnimi video posnetki prodate izdelke in storitve, ki bi jih te\u017eko prodali sicer.\",\"breadcrumb\":{\"@id\":\"http:\\\/\\\/spletin.net\\\/seminar\\\/seminar-video-marketing-2011\\\/#breadcrumb\"},\"inLanguage\":\"sl-SI\",\"potentialAction\":[{\"@type\":\"ReadAction\",\"target\":[\"http:\\\/\\\/spletin.net\\\/seminar\\\/seminar-video-marketing-2011\\\/\"]}]},{\"@type\":\"ImageObject\",\"inLanguage\":\"sl-SI\",\"@id\":\"http:\\\/\\\/spletin.net\\\/seminar\\\/seminar-video-marketing-2011\\\/#primaryimage\",\"url\":\"http:\\\/\\\/spletin.net\\\/seminar\\\/wp-content\\\/uploads\\\/icon-PDF.jpg\",\"contentUrl\":\"http:\\\/\\\/spletin.net\\\/seminar\\\/wp-content\\\/uploads\\\/icon-PDF.jpg\",\"width\":\"64\",\"height\":\"64\"},{\"@type\":\"BreadcrumbList\",\"@id\":\"http:\\\/\\\/spletin.net\\\/seminar\\\/seminar-video-marketing-2011\\\/#breadcrumb\",\"itemListElement\":[{\"@type\":\"ListItem\",\"position\":1,\"name\":\"Home\",\"item\":\"http:\\\/\\\/spletin.net\\\/seminar\\\/\"},{\"@type\":\"ListItem\",\"position\":2,\"name\":\"Video marketing za vas &#8211; za\u010dnite danes!\"}]},{\"@type\":\"WebSite\",\"@id\":\"http:\\\/\\\/spletin.net\\\/seminar\\\/#website\",\"url\":\"http:\\\/\\\/spletin.net\\\/seminar\\\/\",\"name\":\"Seminar Video Marketing 2011\",\"description\":\"Video marketing 2011\",\"publisher\":{\"@id\":\"http:\\\/\\\/spletin.net\\\/seminar\\\/#organization\"},\"potentialAction\":[{\"@type\":\"SearchAction\",\"target\":{\"@type\":\"EntryPoint\",\"urlTemplate\":\"http:\\\/\\\/spletin.net\\\/seminar\\\/?s={search_term_string}\"},\"query-input\":{\"@type\":\"PropertyValueSpecification\",\"valueRequired\":true,\"valueName\":\"search_term_string\"}}],\"inLanguage\":\"sl-SI\"},{\"@type\":\"Organization\",\"@id\":\"http:\\\/\\\/spletin.net\\\/seminar\\\/#organization\",\"name\":\"spletin.net d.o.o.\",\"url\":\"http:\\\/\\\/spletin.net\\\/seminar\\\/\",\"logo\":{\"@type\":\"ImageObject\",\"inLanguage\":\"sl-SI\",\"@id\":\"http:\\\/\\\/spletin.net\\\/seminar\\\/#\\\/schema\\\/logo\\\/image\\\/\",\"url\":\"http:\\\/\\\/spletin.net\\\/seminar\\\/wp-content\\\/uploads\\\/logo-spletin-t.png\",\"contentUrl\":\"http:\\\/\\\/spletin.net\\\/seminar\\\/wp-content\\\/uploads\\\/logo-spletin-t.png\",\"width\":283,\"height\":54,\"caption\":\"spletin.net d.o.o.\"},\"image\":{\"@id\":\"http:\\\/\\\/spletin.net\\\/seminar\\\/#\\\/schema\\\/logo\\\/image\\\/\"}}]}<\/script>\n<!-- \/ Yoast SEO plugin. -->","yoast_head_json":{"title":"Video marketing za vas - za\u010dnite danes! |","description":"Prakti\u010dni primeri video marketinga vam bodo odkrili, kako lahko z enostavnimi video posnetki prodate izdelke in storitve, ki bi jih te\u017eko prodali sicer.","robots":{"index":"index","follow":"follow","max-snippet":"max-snippet:-1","max-image-preview":"max-image-preview:large","max-video-preview":"max-video-preview:-1"},"canonical":"http:\/\/spletin.net\/seminar\/seminar-video-marketing-2011\/","schema":{"@context":"https:\/\/schema.org","@graph":[{"@type":"WebPage","@id":"http:\/\/spletin.net\/seminar\/seminar-video-marketing-2011\/","url":"http:\/\/spletin.net\/seminar\/seminar-video-marketing-2011\/","name":"Video marketing za vas - za\u010dnite danes! |","isPartOf":{"@id":"http:\/\/spletin.net\/seminar\/#website"},"primaryImageOfPage":{"@id":"http:\/\/spletin.net\/seminar\/seminar-video-marketing-2011\/#primaryimage"},"image":{"@id":"http:\/\/spletin.net\/seminar\/seminar-video-marketing-2011\/#primaryimage"},"thumbnailUrl":"http:\/\/spletin.net\/seminar\/wp-content\/uploads\/icon-PDF.jpg","datePublished":"2010-11-30T10:38:56+00:00","dateModified":"2013-02-10T17:40:29+00:00","description":"Prakti\u010dni primeri video marketinga vam bodo odkrili, kako lahko z enostavnimi video posnetki prodate izdelke in storitve, ki bi jih te\u017eko prodali sicer.","breadcrumb":{"@id":"http:\/\/spletin.net\/seminar\/seminar-video-marketing-2011\/#breadcrumb"},"inLanguage":"sl-SI","potentialAction":[{"@type":"ReadAction","target":["http:\/\/spletin.net\/seminar\/seminar-video-marketing-2011\/"]}]},{"@type":"ImageObject","inLanguage":"sl-SI","@id":"http:\/\/spletin.net\/seminar\/seminar-video-marketing-2011\/#primaryimage","url":"http:\/\/spletin.net\/seminar\/wp-content\/uploads\/icon-PDF.jpg","contentUrl":"http:\/\/spletin.net\/seminar\/wp-content\/uploads\/icon-PDF.jpg","width":"64","height":"64"},{"@type":"BreadcrumbList","@id":"http:\/\/spletin.net\/seminar\/seminar-video-marketing-2011\/#breadcrumb","itemListElement":[{"@type":"ListItem","position":1,"name":"Home","item":"http:\/\/spletin.net\/seminar\/"},{"@type":"ListItem","position":2,"name":"Video marketing za vas &#8211; za\u010dnite danes!"}]},{"@type":"WebSite","@id":"http:\/\/spletin.net\/seminar\/#website","url":"http:\/\/spletin.net\/seminar\/","name":"Seminar Video Marketing 2011","description":"Video marketing 2011","publisher":{"@id":"http:\/\/spletin.net\/seminar\/#organization"},"potentialAction":[{"@type":"SearchAction","target":{"@type":"EntryPoint","urlTemplate":"http:\/\/spletin.net\/seminar\/?s={search_term_string}"},"query-input":{"@type":"PropertyValueSpecification","valueRequired":true,"valueName":"search_term_string"}}],"inLanguage":"sl-SI"},{"@type":"Organization","@id":"http:\/\/spletin.net\/seminar\/#organization","name":"spletin.net d.o.o.","url":"http:\/\/spletin.net\/seminar\/","logo":{"@type":"ImageObject","inLanguage":"sl-SI","@id":"http:\/\/spletin.net\/seminar\/#\/schema\/logo\/image\/","url":"http:\/\/spletin.net\/seminar\/wp-content\/uploads\/logo-spletin-t.png","contentUrl":"http:\/\/spletin.net\/seminar\/wp-content\/uploads\/logo-spletin-t.png","width":283,"height":54,"caption":"spletin.net d.o.o."},"image":{"@id":"http:\/\/spletin.net\/seminar\/#\/schema\/logo\/image\/"}}]}},"_links":{"self":[{"href":"http:\/\/spletin.net\/seminar\/wp-json\/wp\/v2\/pages\/77","targetHints":{"allow":["GET"]}}],"collection":[{"href":"http:\/\/spletin.net\/seminar\/wp-json\/wp\/v2\/pages"}],"about":[{"href":"http:\/\/spletin.net\/seminar\/wp-json\/wp\/v2\/types\/page"}],"author":[{"embeddable":true,"href":"http:\/\/spletin.net\/seminar\/wp-json\/wp\/v2\/users\/1"}],"replies":[{"embeddable":true,"href":"http:\/\/spletin.net\/seminar\/wp-json\/wp\/v2\/comments?post=77"}],"version-history":[{"count":53,"href":"http:\/\/spletin.net\/seminar\/wp-json\/wp\/v2\/pages\/77\/revisions"}],"predecessor-version":[{"id":1149,"href":"http:\/\/spletin.net\/seminar\/wp-json\/wp\/v2\/pages\/77\/revisions\/1149"}],"wp:attachment":[{"href":"http:\/\/spletin.net\/seminar\/wp-json\/wp\/v2\/media?parent=77"}],"curies":[{"name":"wp","href":"https:\/\/api.w.org\/{rel}","templated":true}]}}