{"id":865,"date":"2010-12-22T13:22:35","date_gmt":"2010-12-22T12:22:35","guid":{"rendered":"http:\/\/spletin.net\/seminar"},"modified":"2010-12-22T14:24:25","modified_gmt":"2010-12-22T13:24:25","slug":"pogoji-uporabe","status":"publish","type":"page","link":"http:\/\/spletin.net\/seminar\/pogoji-uporabe\/","title":{"rendered":"Strinjam se s pogoji uporabe"},"content":{"rendered":"<p>Kupec potrjuje, da je seznanjen s splo\u0161nimi pogoji poslovanja na spletni strani in da se z njimi strinja.<\/p>\n<p>1. PODATKI O PONUDNIKU<\/p>\n<p>Spletno tr\u017eenje na http:\/\/spletin.net izvaja podjetje spletin.net d.o.o. Celje. Dru\u017eba je vpisana v sodni register Celje pod mati\u010dno \u0161tevilko 3343766. Dru\u017eba ni zavezana za pla\u010dilo DDV (ID za DDV je SI51570378).<\/p>\n<p>2. NARO\u010cILA<\/p>\n<p>Kupec odgovarja za vse podatke, ki jih je posredoval v procesu naro\u010danja. Ponudnik ne odgovarja za morebitne napake pri dostavi, ki nastanejo zaradi napa\u010dno posredovanega naslova ali drugih podatkov.<\/p>\n<p>Kupec po oddaji naro\u010dila prejme potrditev naro\u010dila po elektronski po\u0161ti, ra\u010dun za naro\u010deno gradivo pa prejme ob dostavi gradiva.<\/p>\n<p>3. ODPO\u0160ILJANJE NARO\u010cILA<\/p>\n<p>Gradivo se dostavlja v kuvertni ali kartonski embala\u017ei glede na vrsto gradiva. Naro\u010deno gradivo ponudnik praviloma odpo\u0161lje dan po prejemu naro\u010dila. Navedeni rok za\u010dne te\u010di po prejemu naro\u010dila do 12. ure \u0161e isti dan, po 12. uri pa naslednji dan. \u010ce naslovnik ob poskusu dostave ni dosegljiv, dobi pisno obvestilo o mo\u017enostih prevzema po\u0161iljke.<\/p>\n<p>Za izgubo ali po\u0161kodbo po\u0161iljke odgovarja prevoznik, tj. Po\u0161ta Slovenije. Ponudnik v primeru po\u0161kodbe ali izgube po\u0161iljke po\u0161lje novo po\u0161iljko, takoj ko dobi o tem obvestilo. Kupec mora o po\u0161kodbi ali izgubi po\u0161iljke obvestiti prevoznika ali ponudnika.<\/p>\n<p>Po\u0161iljke dostavlja Po\u0161ta Slovenije. Po\u0161tnino pla\u010da ponudnik in ni v kup\u010devo breme, razen \u010de se kupec in ponudnik dogovorita druga\u010de.<\/p>\n<p>Pri po\u0161iljkah, ki so poslane po povzetju, si Po\u0161ta Slovenije pridr\u017euje pravico do zara\u010dunavanja provizije za po\u0161tno nakaznico in se \u0161teje v breme kupca. Uradno veljavni cenik po\u0161tnih storitev je objavljen na spletni strani www.posta.si.<\/p>\n<p>4. VRA\u010cILO NARO\u010cILA<\/p>\n<p>Kupec ima pravico vrniti naro\u010deno gradivo v roku 30-ih dni od prejema po\u0161iljke. Svojo odlo\u010ditev sporo\u010di na naslov podjetje@spletin.net. Naro\u010deno gradivo mora kupec vrniti nepo\u0161kodovano in v nespremenjenem stanju, najpozneje v 3 dneh od obvestila o vra\u010dilu naro\u010dila.<\/p>\n<p>Naro\u010dilo mora kupec vrniti na naslov spletin.net d.o.o., Prekorje 49, 3211 \u0160kofja vas.<\/p>\n<p>\u010ce so izpolnjeni vsi navedeni pogoji, ponudnik vrne kupnino najpozneje v roku 10 dni oziroma nadomesti vrnjeno naro\u010dilo v skladu z \u017eeljami kupca ali v skladu z medsebojnim dogovorom.<\/p>\n<p>Stro\u0161ke po\u0161iljanja za vra\u010dilo naro\u010dila krije kupec. Ponudnik krije stro\u0161ke po\u0161iljanja reklamiranega gradiva le v primeru dostave napa\u010dnega gradiva t.j. \u010de kupec ne prejme gradiva, ki ga je naro\u010dil.<\/p>\n<p>5. CENE<\/p>\n<p>Vse cene so navedene v evrih. DDV na podlagi 1. odst. 94. \u010dlena Z-DDV (Ur.l.RS117\/2006 z dne 16.11.2006) ni obra\u010dunan.<\/p>\n<p>Cena, ki je izpisana ob koncu naro\u010dila, je kon\u010dna cena, sestavljena iz cene izdelka oziroma izdelkov in morebitnih popustov. Ponudnik krije stro\u0161ke pakiranja in embala\u017ee.<\/p>\n<p>Ponudnik si pridr\u017euje pravico do spremembe cene. Za kupca je veljavna cena, ki je objavljena na dan njegovega naro\u010dila t.j. na dan zaklju\u010dka in oddaje naro\u010dila.<\/p>\n<p>6. PLA\u010cILNI POGOJI<\/p>\n<p>Ponudnik zagotavlja naslednje na\u010dine pla\u010dila:<\/p>\n<p>6.1. Pla\u010dilo po ra\u010dunu je namenjeno samo pravnim osebam. Kupec po po\u0161ti skupaj z naro\u010denim gradivom prejme ra\u010dun na naslov, ki ga je navedel v naro\u010dilu.<\/p>\n<p>6.2. Pla\u010dilo po povzetju, pri katerem je mo\u017eno le pla\u010dilo v gotovini. Ne glede na vrednost po\u0161iljke mora biti kupec osebno prisoten pri prevzemu. Pri po\u0161iljkah, ki so poslane po povzetju, si Po\u0161ta Slovenije pridr\u017euje pravico do zara\u010dunavanja provizije za po\u0161tno nakaznico in se \u0161teje v breme kupca. Uradno veljavni cenik po\u0161tnih storitev je objavljen na spletni strani www.posta.si.<\/p>\n<p><!--C) pla\u010dilo s kreditno kartico preko interneta. Naro\u010deno gradivo lahko kupec povsem varno pla\u010da tudi s kreditno kartico. Ponudnik sprejema naslednje kreditne kartice: Visa, Mastercard in Diners.--><\/p>\n<p>7. VARNOST<\/p>\n<p>Ponudnik uporablja ustrezna tehnolo\u0161ka in organizacijska sredstva za za\u0161\u010dito prenosa in shranjevanja podatkov in pla\u010dil.<\/p>\n<p><!--Za varne avtorizacije in transakcije s kreditnimi karticami skrbi podjetje EON. Avtorizacije kreditnih kartic se izvajajo v realnem \u010dasu, s takoj\u0161njim preverjanjem podatkov pri bankah. Podatki o karticah se ne bele\u017eijo na stre\u017eniku ponudnika.--><\/p>\n<p>8. VARNOST OSEBNIH PODATKOV<\/p>\n<p>Ponudnik se zavezuje k trajnemu varovanju vseh osebnih podatkov, ki bodo uporabljeni izklju\u010dno za vodenje ra\u010dunov, ponudb in za ostalo potrebno dokumentacijo.<\/p>\n<p>9. PRITO\u017dBE IN SPORI<\/p>\n<p>Ponudnik je dol\u017ean vzpostaviti u\u010dinkovit sistem obravnavanja prito\u017eb. Ponudnik si bo prizadeval za obravnavanje prito\u017ebe v \u010dim kraj\u0161em mo\u017enem \u010dasu in o tem obvestil kupca.<\/p>\n<p>Ponudnik si bo prav tako prizadeval za sporazumno re\u0161evanje vseh morebitnih sporov. <\/p>\n","protected":false},"excerpt":{"rendered":"<p>Kupec potrjuje, da je seznanjen s splo\u0161nimi pogoji poslovanja na spletni strani in da se z njimi strinja. 1. PODATKI O PONUDNIKU Spletno tr\u017eenje na http:\/\/spletin.net izvaja podjetje spletin.net d.o.o. Celje. Dru\u017eba je vpisana v sodni register Celje pod mati\u010dno \u0161tevilko 3343766. Dru\u017eba ni zavezana za pla\u010dilo DDV (ID za DDV je SI51570378). 2. NARO\u010cILA [&hellip;]<\/p>\n","protected":false},"author":1,"featured_media":0,"parent":0,"menu_order":0,"comment_status":"open","ping_status":"open","template":"","meta":{"site-sidebar-layout":"default","site-content-layout":"","ast-site-content-layout":"default","site-content-style":"default","site-sidebar-style":"default","ast-global-header-display":"","ast-banner-title-visibility":"","ast-main-header-display":"","ast-hfb-above-header-display":"","ast-hfb-below-header-display":"","ast-hfb-mobile-header-display":"","site-post-title":"","ast-breadcrumbs-content":"","ast-featured-img":"","footer-sml-layout":"","ast-disable-related-posts":"","theme-transparent-header-meta":"","adv-header-id-meta":"","stick-header-meta":"","header-above-stick-meta":"","header-main-stick-meta":"","header-below-stick-meta":"","astra-migrate-meta-layouts":"default","ast-page-background-enabled":"default","ast-page-background-meta":{"desktop":{"background-color":"var(--ast-global-color-4)","background-image":"","background-repeat":"repeat","background-position":"center center","background-size":"auto","background-attachment":"scroll","background-type":"","background-media":"","overlay-type":"","overlay-color":"","overlay-opacity":"","overlay-gradient":""},"tablet":{"background-color":"","background-image":"","background-repeat":"repeat","background-position":"center center","background-size":"auto","background-attachment":"scroll","background-type":"","background-media":"","overlay-type":"","overlay-color":"","overlay-opacity":"","overlay-gradient":""},"mobile":{"background-color":"","background-image":"","background-repeat":"repeat","background-position":"center center","background-size":"auto","background-attachment":"scroll","background-type":"","background-media":"","overlay-type":"","overlay-color":"","overlay-opacity":"","overlay-gradient":""}},"ast-content-background-meta":{"desktop":{"background-color":"var(--ast-global-color-5)","background-image":"","background-repeat":"repeat","background-position":"center center","background-size":"auto","background-attachment":"scroll","background-type":"","background-media":"","overlay-type":"","overlay-color":"","overlay-opacity":"","overlay-gradient":""},"tablet":{"background-color":"var(--ast-global-color-5)","background-image":"","background-repeat":"repeat","background-position":"center center","background-size":"auto","background-attachment":"scroll","background-type":"","background-media":"","overlay-type":"","overlay-color":"","overlay-opacity":"","overlay-gradient":""},"mobile":{"background-color":"var(--ast-global-color-5)","background-image":"","background-repeat":"repeat","background-position":"center center","background-size":"auto","background-attachment":"scroll","background-type":"","background-media":"","overlay-type":"","overlay-color":"","overlay-opacity":"","overlay-gradient":""}},"footnotes":""},"class_list":["post-865","page","type-page","status-publish","hentry"],"yoast_head":"<!-- This site is optimized with the Yoast SEO plugin v27.5 - https:\/\/yoast.com\/product\/yoast-seo-wordpress\/ -->\n<title>Strinjam se s pogoji uporabe | Seminar Video Marketing 2011<\/title>\n<meta name=\"robots\" content=\"index, follow, max-snippet:-1, max-image-preview:large, max-video-preview:-1\" \/>\n<link rel=\"canonical\" href=\"https:\/\/spletin.net\/seminar\/pogoji-uporabe\/\" \/>\n<meta name=\"twitter:label1\" content=\"Est. reading time\" \/>\n\t<meta name=\"twitter:data1\" content=\"4 minute\" \/>\n<script type=\"application\/ld+json\" class=\"yoast-schema-graph\">{\"@context\":\"https:\\\/\\\/schema.org\",\"@graph\":[{\"@type\":\"WebPage\",\"@id\":\"https:\\\/\\\/spletin.net\\\/seminar\\\/pogoji-uporabe\\\/\",\"url\":\"https:\\\/\\\/spletin.net\\\/seminar\\\/pogoji-uporabe\\\/\",\"name\":\"Strinjam se s pogoji uporabe | Seminar Video Marketing 2011\",\"isPartOf\":{\"@id\":\"http:\\\/\\\/spletin.net\\\/seminar\\\/#website\"},\"datePublished\":\"2010-12-22T12:22:35+00:00\",\"dateModified\":\"2010-12-22T13:24:25+00:00\",\"breadcrumb\":{\"@id\":\"https:\\\/\\\/spletin.net\\\/seminar\\\/pogoji-uporabe\\\/#breadcrumb\"},\"inLanguage\":\"sl-SI\",\"potentialAction\":[{\"@type\":\"ReadAction\",\"target\":[\"https:\\\/\\\/spletin.net\\\/seminar\\\/pogoji-uporabe\\\/\"]}]},{\"@type\":\"BreadcrumbList\",\"@id\":\"https:\\\/\\\/spletin.net\\\/seminar\\\/pogoji-uporabe\\\/#breadcrumb\",\"itemListElement\":[{\"@type\":\"ListItem\",\"position\":1,\"name\":\"Home\",\"item\":\"http:\\\/\\\/spletin.net\\\/seminar\\\/\"},{\"@type\":\"ListItem\",\"position\":2,\"name\":\"Strinjam se s pogoji uporabe\"}]},{\"@type\":\"WebSite\",\"@id\":\"http:\\\/\\\/spletin.net\\\/seminar\\\/#website\",\"url\":\"http:\\\/\\\/spletin.net\\\/seminar\\\/\",\"name\":\"Seminar Video Marketing 2011\",\"description\":\"Video marketing 2011\",\"publisher\":{\"@id\":\"http:\\\/\\\/spletin.net\\\/seminar\\\/#organization\"},\"potentialAction\":[{\"@type\":\"SearchAction\",\"target\":{\"@type\":\"EntryPoint\",\"urlTemplate\":\"http:\\\/\\\/spletin.net\\\/seminar\\\/?s={search_term_string}\"},\"query-input\":{\"@type\":\"PropertyValueSpecification\",\"valueRequired\":true,\"valueName\":\"search_term_string\"}}],\"inLanguage\":\"sl-SI\"},{\"@type\":\"Organization\",\"@id\":\"http:\\\/\\\/spletin.net\\\/seminar\\\/#organization\",\"name\":\"spletin.net d.o.o.\",\"url\":\"http:\\\/\\\/spletin.net\\\/seminar\\\/\",\"logo\":{\"@type\":\"ImageObject\",\"inLanguage\":\"sl-SI\",\"@id\":\"http:\\\/\\\/spletin.net\\\/seminar\\\/#\\\/schema\\\/logo\\\/image\\\/\",\"url\":\"http:\\\/\\\/spletin.net\\\/seminar\\\/wp-content\\\/uploads\\\/logo-spletin-t.png\",\"contentUrl\":\"http:\\\/\\\/spletin.net\\\/seminar\\\/wp-content\\\/uploads\\\/logo-spletin-t.png\",\"width\":283,\"height\":54,\"caption\":\"spletin.net d.o.o.\"},\"image\":{\"@id\":\"http:\\\/\\\/spletin.net\\\/seminar\\\/#\\\/schema\\\/logo\\\/image\\\/\"}}]}<\/script>\n<!-- \/ Yoast SEO plugin. -->","yoast_head_json":{"title":"Strinjam se s pogoji uporabe | Seminar Video Marketing 2011","robots":{"index":"index","follow":"follow","max-snippet":"max-snippet:-1","max-image-preview":"max-image-preview:large","max-video-preview":"max-video-preview:-1"},"canonical":"https:\/\/spletin.net\/seminar\/pogoji-uporabe\/","twitter_misc":{"Est. reading time":"4 minute"},"schema":{"@context":"https:\/\/schema.org","@graph":[{"@type":"WebPage","@id":"https:\/\/spletin.net\/seminar\/pogoji-uporabe\/","url":"https:\/\/spletin.net\/seminar\/pogoji-uporabe\/","name":"Strinjam se s pogoji uporabe | Seminar Video Marketing 2011","isPartOf":{"@id":"http:\/\/spletin.net\/seminar\/#website"},"datePublished":"2010-12-22T12:22:35+00:00","dateModified":"2010-12-22T13:24:25+00:00","breadcrumb":{"@id":"https:\/\/spletin.net\/seminar\/pogoji-uporabe\/#breadcrumb"},"inLanguage":"sl-SI","potentialAction":[{"@type":"ReadAction","target":["https:\/\/spletin.net\/seminar\/pogoji-uporabe\/"]}]},{"@type":"BreadcrumbList","@id":"https:\/\/spletin.net\/seminar\/pogoji-uporabe\/#breadcrumb","itemListElement":[{"@type":"ListItem","position":1,"name":"Home","item":"http:\/\/spletin.net\/seminar\/"},{"@type":"ListItem","position":2,"name":"Strinjam se s pogoji uporabe"}]},{"@type":"WebSite","@id":"http:\/\/spletin.net\/seminar\/#website","url":"http:\/\/spletin.net\/seminar\/","name":"Seminar Video Marketing 2011","description":"Video marketing 2011","publisher":{"@id":"http:\/\/spletin.net\/seminar\/#organization"},"potentialAction":[{"@type":"SearchAction","target":{"@type":"EntryPoint","urlTemplate":"http:\/\/spletin.net\/seminar\/?s={search_term_string}"},"query-input":{"@type":"PropertyValueSpecification","valueRequired":true,"valueName":"search_term_string"}}],"inLanguage":"sl-SI"},{"@type":"Organization","@id":"http:\/\/spletin.net\/seminar\/#organization","name":"spletin.net d.o.o.","url":"http:\/\/spletin.net\/seminar\/","logo":{"@type":"ImageObject","inLanguage":"sl-SI","@id":"http:\/\/spletin.net\/seminar\/#\/schema\/logo\/image\/","url":"http:\/\/spletin.net\/seminar\/wp-content\/uploads\/logo-spletin-t.png","contentUrl":"http:\/\/spletin.net\/seminar\/wp-content\/uploads\/logo-spletin-t.png","width":283,"height":54,"caption":"spletin.net d.o.o."},"image":{"@id":"http:\/\/spletin.net\/seminar\/#\/schema\/logo\/image\/"}}]}},"_links":{"self":[{"href":"http:\/\/spletin.net\/seminar\/wp-json\/wp\/v2\/pages\/865","targetHints":{"allow":["GET"]}}],"collection":[{"href":"http:\/\/spletin.net\/seminar\/wp-json\/wp\/v2\/pages"}],"about":[{"href":"http:\/\/spletin.net\/seminar\/wp-json\/wp\/v2\/types\/page"}],"author":[{"embeddable":true,"href":"http:\/\/spletin.net\/seminar\/wp-json\/wp\/v2\/users\/1"}],"replies":[{"embeddable":true,"href":"http:\/\/spletin.net\/seminar\/wp-json\/wp\/v2\/comments?post=865"}],"version-history":[{"count":4,"href":"http:\/\/spletin.net\/seminar\/wp-json\/wp\/v2\/pages\/865\/revisions"}],"predecessor-version":[{"id":878,"href":"http:\/\/spletin.net\/seminar\/wp-json\/wp\/v2\/pages\/865\/revisions\/878"}],"wp:attachment":[{"href":"http:\/\/spletin.net\/seminar\/wp-json\/wp\/v2\/media?parent=865"}],"curies":[{"name":"wp","href":"https:\/\/api.w.org\/{rel}","templated":true}]}}